{"id":1149,"date":"2023-05-20T10:24:07","date_gmt":"2023-05-20T10:24:07","guid":{"rendered":"http:\/\/www.misjawswansea.org.uk\/?page_id=1149"},"modified":"2023-05-20T11:05:20","modified_gmt":"2023-05-20T11:05:20","slug":"bierzmowanie","status":"publish","type":"page","link":"http:\/\/www.misjawswansea.org.uk\/?page_id=1149","title":{"rendered":"Bierzmowanie"},"content":{"rendered":"\n<pre id=\"block-80fa4347-c51d-4105-93a8-c5b84f65950d\" class=\"wp-block-preformatted has-medium-font-size\"><strong>Uroczysto\u015b\u0107 jest planowana na sobot\u0119 13 kwietnia 2024 roku o g. 18:00 w ko\u015bciele w Briton Ferry. Sakramentu bierzmowania udzieli ks. rektor Polskiej misji katolickiej.<\/strong>\n\n<strong>Spotkania przygotowuj\u0105CE b\u0119d\u0105 odbywa\u0107 si\u0119 w PI\u0104TKI RAZ w miesi\u0105cu i SK\u0142ADA\u0107 z dw\u00f3ch cz\u0119\u015bci: spotka\u0144 w grupach z animatorami osobno dla dziewcz\u0105t i ch\u0142opc\u00f3w oraz wsp\u00f3lnej dla wszystkich katechezy z ksi\u0119dzem. <\/strong>\n\n<strong>Czas trwania ca\u0142o\u015bci: 2 godziny.<\/strong> <strong>MIEJSCE: HALL PARAFIALNY PRZY KO\u015bciele SACRED HEART na MORRISTON, SWANSEA.<\/strong>\n\n<strong><span style=\"text-decoration: underline;\">TERMINARZ SPOTKA\u0144:<\/span><\/strong>\n\n<strong>1. 9 CZERWCa, g. 20:00, KATECHEZA (1 godz.)<\/strong>\n\n<strong>2. 14 lipca, G. 19:00, SPOTKANIE W GRUPACH i KATECHEZA<\/strong>\n\n<strong>3. 22 wrze\u015bnia, G. 19:00, SPOTKANIE W GRUPACH I KATECHEZA\n\n4. 13 pa\u017adziernika, G. 19:00, SPOTKANIE W GRUPACH I KATECHEZA\n\n5. 10 listopada, G. 19:00, SPOTKANIE W GRUPACH I KATECHEZA\n\n6. 8 grudnia, G. 19:00, SPOTKANIE W GRUPACH I KATECHEZA\n\n7. 12 stycznia, G. 19:00, SPOTKANIE W GRUPACH I KATECHEZA\n\n8. 2 lutego, G. 19:00, SPOTKANIE W GRUPACH I KATECHEZA\n\n9. 23 lutego, G. 20:00, SPOTKANIE W GRUPACH (1 GODZ.)\n<\/strong>\n<\/pre>\n<div class = 'socialMediaOnEveryPost'>Zapraszamy do udost\u0119pniania!<div id=\"sgmbShare1-1\" class=\"sgmbShare jssocials-theme-minima sgmbWidget1-1\"><\/div><div class=\"dropdownWrapper dropdownWrapper1 dropdownWrapper-for-widget \" id=\"dropdownWrapper-for-widget\">\r\n\t\t\t\t\t\t<div class=\"dropdownLabel\" id=\"dropdownLabel-share-list\"><span class=\"sgmbButtonListLabel1\">Share List<\/span><\/div>\r\n\t\t\t\t\t\t<div class=\"dropdownPanel dropdownPanel1-1\">\r\n\t\t\t\t\t\t<\/div>\r\n\t\t\t\t\t<\/div><script>  SGMB_URL = \"http:\/\/www.misjawswansea.org.uk\/wp-content\/plugins\/social-media-builder\/\"; jQuery(\".dropdownWrapper\").hide(); SGMB_GOOGLE_ACOUNT = \"\"; <\/script><script type=\"text\/javascript\">\r\n\t\tjQuery(document).ready(function($){var widget = new SGMBWidget();widget.show({\"id\":\"1\",\"title\":\"Zapraszamy do udost\\u0119pniania!\",\"options\":{\"currentUrl\":\"1\",\"url\":\"\",\"shareText\":\"\",\"fontSize\":\"16\",\"betweenButtons\":\"1px\",\"theme\":\"classic\",\"sgmbButtonsPosition\":\"bottomCenter\",\"socialTheme\":\"minima\",\"icon\":\"cloud\",\"buttonsPanelEffect\":\"shake\",\"buttonsEffect\":\"flip\",\"iconsEffect\":\"flip\",\"buttons\":\"{\\\"facebook\\\":{\\\"label\\\":\\\"Share\\\",\\\"icon\\\":\\\"cloud-facebook\\\"},\\\"twitter\\\":{\\\"label\\\":\\\"Tweet\\\",\\\"icon\\\":\\\"cloud-twitter\\\",\\\"via\\\":\\\"\\\",\\\"hashtags\\\":\\\"\\\"},\\\"googleplus\\\":{\\\"label\\\":\\\"+1\\\",\\\"icon\\\":\\\"cloud-googleplus\\\"},\\\"email\\\":{\\\"label\\\":\\\"E-mail\\\",\\\"icon\\\":\\\"cloud-email\\\"}}\",\"roundButton\":\"\",\"showLabels\":\"on\",\"showCounts\":\"\",\"showCenter\":\"\",\"showButtonsAsList\":\"\",\"sgmbDropdownColor\":\"\",\"sgmbDropdownLabelFontSize\":\"14\",\"sgmbDropdownLabelColor\":\"\",\"showButtonsOnEveryPost\":\"on\",\"selectedOrExcluded\":\"\",\"showButtonsOnEveryPage\":\"\",\"textOnEveryPost\":\"Zapraszamy do udost\\u0119pniania!\",\"showButtonsOnCustomPost\":\"\",\"textOnCustomPost\":\"\",\"showButtonsOnMobileDirect\":\"on\",\"showButtonsOnDesktopDirect\":\"on\",\"sgmbSelectedPages\":[\"\"],\"sgmbExcludedPosts\":[\"\"],\"sgmbSelectedCustomPosts\":[],\"showButtonsInPopup\":\"\",\"titleOfPopup\":\"\",\"descriptionOfPopup\":\"\",\"showPopupOnLoad\":\"\",\"showPopupOnScroll\":\"\",\"showPopupOnExit\":\"\",\"openSecondsOfPopup\":\"\",\"googleAnaliticsAccount\":\"\"},\"buttonOptions\":{\"facebook\":{\"label\":\"Share\",\"icon\":\"cloud-facebook\"},\"twitter\":{\"label\":\"Tweet\",\"icon\":\"cloud-twitter\",\"via\":\"\",\"hashtags\":\"\"},\"googleplus\":{\"label\":\"+1\",\"icon\":\"cloud-googleplus\"},\"email\":{\"label\":\"E-mail\",\"icon\":\"cloud-email\"}},\"button\":[\"facebook\",\"twitter\",\"googleplus\",\"email\"]}, 1, '', 'http:\/\/www.misjawswansea.org.uk\/wp-content\/plugins\/social-media-builder\/\/img\/no-image.png', '', 'http:\/\/www.misjawswansea.org.uk\/?page_id=1149'); });<\/script><\/div><script> jQuery(\".socialMediaOnEveryPost\").addClass(\"sgmb-center\") <\/script>","protected":false},"excerpt":{"rendered":"<p>Uroczysto\u015b\u0107 jest planowana na sobot\u0119 13 kwietnia 2024 roku o g. 18:00 w ko\u015bciele w Briton Ferry. Sakramentu bierzmowania udzieli ks. rektor Polskiej misji katolickiej. Spotkania przygotowuj\u0105CE b\u0119d\u0105 odbywa\u0107 si\u0119 w PI\u0104TKI RAZ w miesi\u0105cu i SK\u0142ADA\u0107 z dw\u00f3ch cz\u0119\u015bci: spotka\u0144 w grupach z animatorami osobno dla dziewcz\u0105t i ch\u0142opc\u00f3w oraz wsp\u00f3lnej dla wszystkich katechezy&hellip;&nbsp;<a href=\"http:\/\/www.misjawswansea.org.uk\/?page_id=1149\" rel=\"bookmark\">Dowiedz si\u0119 wi\u0119cej &raquo;<span class=\"screen-reader-text\">Bierzmowanie<\/span><\/a><\/p>\n","protected":false},"author":4,"featured_media":0,"parent":0,"menu_order":0,"comment_status":"closed","ping_status":"closed","template":"","meta":{"neve_meta_sidebar":"","neve_meta_container":"","neve_meta_enable_content_width":"","neve_meta_content_width":0,"neve_meta_title_alignment":"","neve_meta_author_avatar":"","neve_post_elements_order":"","neve_meta_disable_header":"","neve_meta_disable_footer":"","neve_meta_disable_title":"","footnotes":""},"class_list":["post-1149","page","type-page","status-publish","hentry"],"_links":{"self":[{"href":"http:\/\/www.misjawswansea.org.uk\/index.php?rest_route=\/wp\/v2\/pages\/1149","targetHints":{"allow":["GET"]}}],"collection":[{"href":"http:\/\/www.misjawswansea.org.uk\/index.php?rest_route=\/wp\/v2\/pages"}],"about":[{"href":"http:\/\/www.misjawswansea.org.uk\/index.php?rest_route=\/wp\/v2\/types\/page"}],"author":[{"embeddable":true,"href":"http:\/\/www.misjawswansea.org.uk\/index.php?rest_route=\/wp\/v2\/users\/4"}],"replies":[{"embeddable":true,"href":"http:\/\/www.misjawswansea.org.uk\/index.php?rest_route=%2Fwp%2Fv2%2Fcomments&post=1149"}],"version-history":[{"count":9,"href":"http:\/\/www.misjawswansea.org.uk\/index.php?rest_route=\/wp\/v2\/pages\/1149\/revisions"}],"predecessor-version":[{"id":1163,"href":"http:\/\/www.misjawswansea.org.uk\/index.php?rest_route=\/wp\/v2\/pages\/1149\/revisions\/1163"}],"wp:attachment":[{"href":"http:\/\/www.misjawswansea.org.uk\/index.php?rest_route=%2Fwp%2Fv2%2Fmedia&parent=1149"}],"curies":[{"name":"wp","href":"https:\/\/api.w.org\/{rel}","templated":true}]}}