{"id":1244,"date":"2023-09-09T13:47:27","date_gmt":"2023-09-09T13:47:27","guid":{"rendered":"http:\/\/www.misjawswansea.org.uk\/?page_id=1244"},"modified":"2023-09-09T13:55:39","modified_gmt":"2023-09-09T13:55:39","slug":"pismo-swiete","status":"publish","type":"page","link":"http:\/\/www.misjawswansea.org.uk\/?page_id=1244","title":{"rendered":"Pismo \u015awi\u0119te"},"content":{"rendered":"<div class=\"gb-container gb-container-104746d6\"><div class=\"gb-inside-container\">\n\n<h2 class=\"gb-headline gb-headline-3e141884 gb-headline-text\">Katolickie przek\u0142ady Pisma \u015awi\u0119tego w internecie: <\/h2>\n\n\n\n<ul class=\"wp-block-list\"><li><a rel=\"noreferrer noopener\" href=\"http:\/\/www.biblia.deon.pl\/\" target=\"_blank\">Biblia Tysi\u0105clecia<\/a><\/li><li><a rel=\"noreferrer noopener\" href=\"http:\/\/www.pismoswiete.pl\/\" target=\"_blank\">Biblia Paulist\u00f3w (Edycja \u015aw. Paw\u0142a)<\/a>\u00a0<\/li><li><a rel=\"noreferrer noopener\" href=\"https:\/\/www.catholic.org\/bible\/\" target=\"_blank\">New Jerusalem Bible<\/a><\/li><li><a rel=\"noreferrer noopener\" href=\"https:\/\/bible.usccb.org\/bible\" target=\"_blank\">New American Bible<\/a><\/li><\/ul>\n\n<\/div><\/div>\n\n<div class=\"gb-container gb-container-2de6899b\"><div class=\"gb-inside-container\">\n\n<h2 class=\"gb-headline gb-headline-2915440b gb-headline-text\">Komentarze biblijne:<\/h2>\n\n\n\n<ul class=\"wp-block-list\"><li><a rel=\"noreferrer noopener\" href=\"https:\/\/biblia.wiara.pl\/doc\/423403.Komentarze-do-fragmentow-Pisma-Swietego\/\" target=\"_blank\">wiara.pl<\/a><\/li><li><a rel=\"noreferrer noopener\" href=\"http:\/\/www.pismoswiete.pl\/\" target=\"_blank\">Biblia Paulist\u00f3w<\/a>\u00a0(p\u0142atny)<\/li><li><a rel=\"noreferrer noopener\" href=\"https:\/\/bibleinayear.fireside.fm\/\" target=\"_blank\">Bible in a year<\/a><\/li><\/ul>\n\n<\/div><\/div>\n\n<div class=\"gb-container gb-container-e3c2e8fb\"><div class=\"gb-inside-container\">\n\n<h2 class=\"gb-headline gb-headline-a8bcfb77 gb-headline-text\">Czytania na ka\u017cdy dzie\u0144 z rozwa\u017caniami:<\/h2>\n\n\n\n<ul class=\"wp-block-list\"><li><a rel=\"noreferrer noopener\" href=\"https:\/\/niezbednik.niedziela.pl\/\" target=\"_blank\">niedziela.pl<\/a><\/li><li><a rel=\"noreferrer noopener\" href=\"https:\/\/www.youtube.com\/hashtag\/zielonepastwisko\" target=\"_blank\">Zielone Pastwisko<\/a><\/li><li><a rel=\"noreferrer noopener\" href=\"https:\/\/www.youtube.com\/hashtag\/ewangeliarzop\" target=\"_blank\">Ewangeliarz<\/a><\/li><\/ul>\n\n<\/div><\/div>\n\n<div class=\"gb-container gb-container-91fc43e0\"><div class=\"gb-inside-container\">\n\n<h2 class=\"gb-headline gb-headline-fdf3a67a gb-headline-text\">Modlitwa S\u0142owem Bo\u017cym:<\/h2>\n\n\n\n<ul class=\"wp-block-list\"><li><a rel=\"noreferrer noopener\" href=\"https:\/\/modlitwawdrodze.pl\/\" target=\"_blank\">Modlitwa w drodze<\/a><\/li><li><a rel=\"noreferrer noopener\" href=\"http:\/\/www.onjest.pl\/slowo\/\" target=\"_blank\">Lectio divina<\/a><\/li><li><a rel=\"noreferrer noopener\" href=\"https:\/\/biblista.pl\/\" target=\"_blank\">Dzie\u0142o biblijne<\/a><\/li><\/ul>\n\n<\/div><\/div>\n\n<div class=\"gb-container gb-container-63a0e7c3\"><div class=\"gb-inside-container\">\n\n<h2 class=\"gb-headline gb-headline-2e302387 gb-headline-text\">Dla zainteresowanych:<\/h2>\n\n\n\n<ul class=\"wp-block-list\"><li><a href=\"http:\/\/wch-biblijne.pl\" data-type=\"URL\" data-id=\"http:\/\/wch-biblijne.pl\" target=\"_blank\" rel=\"noreferrer noopener\">Konferencje biblijne ks. Prof. Waldemara chrostowskiego<\/a><\/li><li><a rel=\"noreferrer noopener\" href=\"http:\/\/biblia.waw.pl\/\" target=\"_blank\">Biblia &#8211; prywatna strona o Pi\u015bmie \u015awi\u0119tym<\/a><\/li><li><a rel=\"noreferrer noopener\" href=\"https:\/\/catholic-resources.org\/\" target=\"_blank\">Catholic resources for Bible, Liturgy, Art and Theology<\/a><\/li><li><a rel=\"noreferrer noopener\" href=\"https:\/\/biblionerzy.pl\/\" target=\"_blank\">Biblionerzy &#8211; quiz biblijny<\/a><\/li><\/ul>\n\n<\/div><\/div><div class = 'socialMediaOnEveryPost'>Zapraszamy do udost\u0119pniania!<div id=\"sgmbShare1-1\" class=\"sgmbShare jssocials-theme-minima sgmbWidget1-1\"><\/div><div class=\"dropdownWrapper dropdownWrapper1 dropdownWrapper-for-widget \" id=\"dropdownWrapper-for-widget\">\r\n\t\t\t\t\t\t<div class=\"dropdownLabel\" id=\"dropdownLabel-share-list\"><span class=\"sgmbButtonListLabel1\">Share List<\/span><\/div>\r\n\t\t\t\t\t\t<div class=\"dropdownPanel dropdownPanel1-1\">\r\n\t\t\t\t\t\t<\/div>\r\n\t\t\t\t\t<\/div><script>  SGMB_URL = \"http:\/\/www.misjawswansea.org.uk\/wp-content\/plugins\/social-media-builder\/\"; jQuery(\".dropdownWrapper\").hide(); SGMB_GOOGLE_ACOUNT = \"\"; <\/script><script type=\"text\/javascript\">\r\n\t\tjQuery(document).ready(function($){var widget = new SGMBWidget();widget.show({\"id\":\"1\",\"title\":\"Zapraszamy do udost\\u0119pniania!\",\"options\":{\"currentUrl\":\"1\",\"url\":\"\",\"shareText\":\"\",\"fontSize\":\"16\",\"betweenButtons\":\"1px\",\"theme\":\"classic\",\"sgmbButtonsPosition\":\"bottomCenter\",\"socialTheme\":\"minima\",\"icon\":\"cloud\",\"buttonsPanelEffect\":\"shake\",\"buttonsEffect\":\"flip\",\"iconsEffect\":\"flip\",\"buttons\":\"{\\\"facebook\\\":{\\\"label\\\":\\\"Share\\\",\\\"icon\\\":\\\"cloud-facebook\\\"},\\\"twitter\\\":{\\\"label\\\":\\\"Tweet\\\",\\\"icon\\\":\\\"cloud-twitter\\\",\\\"via\\\":\\\"\\\",\\\"hashtags\\\":\\\"\\\"},\\\"googleplus\\\":{\\\"label\\\":\\\"+1\\\",\\\"icon\\\":\\\"cloud-googleplus\\\"},\\\"email\\\":{\\\"label\\\":\\\"E-mail\\\",\\\"icon\\\":\\\"cloud-email\\\"}}\",\"roundButton\":\"\",\"showLabels\":\"on\",\"showCounts\":\"\",\"showCenter\":\"\",\"showButtonsAsList\":\"\",\"sgmbDropdownColor\":\"\",\"sgmbDropdownLabelFontSize\":\"14\",\"sgmbDropdownLabelColor\":\"\",\"showButtonsOnEveryPost\":\"on\",\"selectedOrExcluded\":\"\",\"showButtonsOnEveryPage\":\"\",\"textOnEveryPost\":\"Zapraszamy do udost\\u0119pniania!\",\"showButtonsOnCustomPost\":\"\",\"textOnCustomPost\":\"\",\"showButtonsOnMobileDirect\":\"on\",\"showButtonsOnDesktopDirect\":\"on\",\"sgmbSelectedPages\":[\"\"],\"sgmbExcludedPosts\":[\"\"],\"sgmbSelectedCustomPosts\":[],\"showButtonsInPopup\":\"\",\"titleOfPopup\":\"\",\"descriptionOfPopup\":\"\",\"showPopupOnLoad\":\"\",\"showPopupOnScroll\":\"\",\"showPopupOnExit\":\"\",\"openSecondsOfPopup\":\"\",\"googleAnaliticsAccount\":\"\"},\"buttonOptions\":{\"facebook\":{\"label\":\"Share\",\"icon\":\"cloud-facebook\"},\"twitter\":{\"label\":\"Tweet\",\"icon\":\"cloud-twitter\",\"via\":\"\",\"hashtags\":\"\"},\"googleplus\":{\"label\":\"+1\",\"icon\":\"cloud-googleplus\"},\"email\":{\"label\":\"E-mail\",\"icon\":\"cloud-email\"}},\"button\":[\"facebook\",\"twitter\",\"googleplus\",\"email\"]}, 1, '', 'http:\/\/www.misjawswansea.org.uk\/wp-content\/plugins\/social-media-builder\/\/img\/no-image.png', '', 'http:\/\/www.misjawswansea.org.uk\/?page_id=1244'); });<\/script><\/div><script> jQuery(\".socialMediaOnEveryPost\").addClass(\"sgmb-center\") <\/script>","protected":false},"excerpt":{"rendered":"<p>Katolickie przek\u0142ady Pisma \u015awi\u0119tego w internecie: Biblia Tysi\u0105clecia Biblia Paulist\u00f3w (Edycja \u015aw. Paw\u0142a)\u00a0 New Jerusalem Bible New American Bible Komentarze biblijne: wiara.pl Biblia Paulist\u00f3w\u00a0(p\u0142atny) Bible in a year Czytania na ka\u017cdy dzie\u0144 z rozwa\u017caniami: niedziela.pl Zielone Pastwisko Ewangeliarz Modlitwa S\u0142owem Bo\u017cym: Modlitwa w drodze Lectio divina Dzie\u0142o biblijne Dla zainteresowanych: Konferencje biblijne ks. Prof. Waldemara&hellip;&nbsp;<a href=\"http:\/\/www.misjawswansea.org.uk\/?page_id=1244\" rel=\"bookmark\">Dowiedz si\u0119 wi\u0119cej &raquo;<span class=\"screen-reader-text\">Pismo \u015awi\u0119te<\/span><\/a><\/p>\n","protected":false},"author":4,"featured_media":0,"parent":0,"menu_order":0,"comment_status":"closed","ping_status":"closed","template":"","meta":{"neve_meta_sidebar":"","neve_meta_container":"","neve_meta_enable_content_width":"","neve_meta_content_width":0,"neve_meta_title_alignment":"","neve_meta_author_avatar":"","neve_post_elements_order":"","neve_meta_disable_header":"","neve_meta_disable_footer":"","neve_meta_disable_title":"","footnotes":""},"class_list":["post-1244","page","type-page","status-publish","hentry"],"_links":{"self":[{"href":"http:\/\/www.misjawswansea.org.uk\/index.php?rest_route=\/wp\/v2\/pages\/1244","targetHints":{"allow":["GET"]}}],"collection":[{"href":"http:\/\/www.misjawswansea.org.uk\/index.php?rest_route=\/wp\/v2\/pages"}],"about":[{"href":"http:\/\/www.misjawswansea.org.uk\/index.php?rest_route=\/wp\/v2\/types\/page"}],"author":[{"embeddable":true,"href":"http:\/\/www.misjawswansea.org.uk\/index.php?rest_route=\/wp\/v2\/users\/4"}],"replies":[{"embeddable":true,"href":"http:\/\/www.misjawswansea.org.uk\/index.php?rest_route=%2Fwp%2Fv2%2Fcomments&post=1244"}],"version-history":[{"count":3,"href":"http:\/\/www.misjawswansea.org.uk\/index.php?rest_route=\/wp\/v2\/pages\/1244\/revisions"}],"predecessor-version":[{"id":1248,"href":"http:\/\/www.misjawswansea.org.uk\/index.php?rest_route=\/wp\/v2\/pages\/1244\/revisions\/1248"}],"wp:attachment":[{"href":"http:\/\/www.misjawswansea.org.uk\/index.php?rest_route=%2Fwp%2Fv2%2Fmedia&parent=1244"}],"curies":[{"name":"wp","href":"https:\/\/api.w.org\/{rel}","templated":true}]}}