{"id":1250,"date":"2023-09-09T14:17:30","date_gmt":"2023-09-09T14:17:30","guid":{"rendered":"http:\/\/www.misjawswansea.org.uk\/?page_id=1250"},"modified":"2024-06-08T12:20:51","modified_gmt":"2024-06-08T12:20:51","slug":"krag-biblijny","status":"publish","type":"page","link":"http:\/\/www.misjawswansea.org.uk\/?page_id=1250","title":{"rendered":"Kr\u0105g biblijny"},"content":{"rendered":"<div class=\"gb-container gb-container-32bce77a\"><div class=\"gb-inside-container\">\n\n<h2 class=\"gb-headline gb-headline-3a261bae gb-headline-text\">Spotkania odbywaj\u0105 si\u0119 co miesi\u0105c w drugi czwartek miesi\u0105ca w Briton Ferry po Mszy \u015awi\u0119tej o g. 19:00.<\/h2>\n\n\n\n<h2 class=\"gb-headline gb-headline-c1c57720 gb-headline-text\">Rok 2023\/24 po\u015bwi\u0119cony b\u0119dzie lekturze Nowego Testamentu ze szczeg\u00f3lnym uwzgl\u0119dnieniem Ewangelii. Ka\u017cdego miesi\u0105ca b\u0119dziemy czyta\u0107 indywidualnie jedn\u0105 ksi\u0119g\u0119 NT, a na spotkaniu dzieli\u0107 si\u0119 ulubionymi fragmentami i odpowiada\u0107 na pytania i w\u0105tpliwo\u015bci, kt\u00f3re zrodzi\u0142y si\u0119 podczas lektury.<\/h2>\n\n\n\n<h2 class=\"gb-headline gb-headline-8be2a4a0 gb-headline-text\">Pomoc\u0105 w lekturze b\u0119d\u0105 nagrania konferencji biblijnych ks. prof. Waldemara Chrostowskiego oraz pytania pomocnicze do tekstu. <\/h2>\n\n<\/div><\/div>\n\n<div class=\"gb-container gb-container-c7538a72\"><div class=\"gb-inside-container\">\n\n<h2 class=\"gb-headline gb-headline-e4991d60 gb-headline-text\">Lista spotka\u0144:<\/h2>\n\n\n\n<ol class=\"wp-block-list\">\n<li>14 wrze\u015bnia, &#8222;Wprowadzenie do Ewangelii&#8221;, <a rel=\"noreferrer noopener\" href=\"http:\/\/wch-biblijne.pl\/index.php\/1998-2005\/2002-2003\/25-2002-2003-1-od-ewangelii-jezusa-do-ewangelii-nowego-testamentu\" data-type=\"URL\" data-id=\"http:\/\/wch-biblijne.pl\/index.php\/1998-2005\/2002-2003\/25-2002-2003-1-od-ewangelii-jezusa-do-ewangelii-nowego-testamentu\" target=\"_blank\">Konferencja<\/a>. Do nast\u0119pnego spotkania <a href=\"http:\/\/www.misjawswansea.org.uk\/?page_id=1253\" data-type=\"URL\" data-id=\"http:\/\/www.misjawswansea.org.uk\/?page_id=1253\" target=\"_blank\" rel=\"noreferrer noopener\">lektura<\/a> Ewangelii \u015aw. Marka<\/li>\n\n\n\n<li>12 pa\u017adziernika, &#8222;Ewangelia \u015aw. Marka&#8221;, <a rel=\"noreferrer noopener\" href=\"http:\/\/wch-biblijne.pl\/index.php\/1998-2005\/2002-2003\/132-2002-2003-2-ewangelia-\u015bw-marka\" data-type=\"URL\" data-id=\"http:\/\/wch-biblijne.pl\/index.php\/1998-2005\/2002-2003\/25-2002-2003-1-od-ewangelii-jezusa-do-ewangelii-nowego-testamentu\" target=\"_blank\">Konferencja<\/a>. Do nast\u0119pnego spotkania <a href=\"http:\/\/www.misjawswansea.org.uk\/?page_id=1351\" data-type=\"URL\" data-id=\"http:\/\/www.misjawswansea.org.uk\/?page_id=1253\" target=\"_blank\" rel=\"noreferrer noopener\">lektura<\/a> Ewangelii \u015aw. MaTEUSZa<\/li>\n\n\n\n<li>9 listopada, &#8222;EWANGELIA \u015aW. mateusza&#8221;, <a rel=\"noreferrer noopener\" href=\"http:\/\/wch-biblijne.pl\/index.php\/1998-2005\/2002-2003\/133-2002-2003-3-ewangelia-\u015bw-mateusza\" target=\"_blank\">KONFERENCJA<\/a>. DO NAST\u0118PNEGO SPOTKANIA <a rel=\"noreferrer noopener\" href=\"http:\/\/www.misjawswansea.org.uk\/?page_id=1417\" target=\"_blank\">LEKTURA<\/a> EWANGELII \u015aW. \u0141ukasza<\/li>\n\n\n\n<li>14 grudnia, &#8222;EWANGELIA \u015aW. \u0141ukasza&#8221;, <a rel=\"noreferrer noopener\" href=\"http:\/\/wch-biblijne.pl\/index.php\/1998-2005\/2002-2003\/205-2002-2003-0-tekst-rocznika\" target=\"_blank\">KONFERENCJA<\/a>. DO NAST\u0118PNEGO SPOTKANIA <a href=\"http:\/\/www.misjawswansea.org.uk\/?page_id=1503\" target=\"_blank\" rel=\"noreferrer noopener\">LEKTURA<\/a> dziej\u00f3w apostolskich<\/li>\n\n\n\n<li>11 stycznia, &#8222;dzieje apostolskie&#8221;, <a rel=\"noreferrer noopener\" href=\"http:\/\/wch-biblijne.pl\/index.php\/1998-2005\/2002-2003\/135-2002-2003-5-dzieje-apostolskie\" target=\"_blank\">KONFERENCJA<\/a>. DO NAST\u0118PNEGO SPOTKANIA <a href=\"http:\/\/www.misjawswansea.org.uk\/?page_id=1533\" target=\"_blank\" rel=\"noreferrer noopener\">LEKTURA<\/a> ewangelii \u015bw. Jana<\/li>\n\n\n\n<li>14 marca, &#8222;Ewangelia \u015aw. Jana&#8221;, <a rel=\"noreferrer noopener\" href=\"http:\/\/wch-biblijne.pl\/index.php\/1998-2005\/2002-2003\/136-2002-2003-6-ewangelia-\u015bw-jana\" target=\"_blank\">KONFERENCJA<\/a>. DO NAST\u0118PNEGO SPOTKANIA LEKTURA <a href=\"http:\/\/www.misjawswansea.org.uk\/?page_id=1582\" data-type=\"link\" data-id=\"http:\/\/www.misjawswansea.org.uk\/?page_id=1582\">Pierwszego<\/a> Listu \u015bw. Paw\u0142a Aposto\u0142a do Koryntian<\/li>\n\n\n\n<li>11 kwietnia, &#8222;Pierwszy list do Koryntian&#8221;, <a href=\"http:\/\/wch-biblijne.pl\/index.php\/1998-2005\/2002-2003\/137-2002-2003-7-i-i-ii-list-\u015bw-paw\u0142a-do-koryntian\">konferencja<\/a>, Do nast\u0119pnego spotkania lektura <a href=\"http:\/\/misjawswansea.org.uk\/?page_id=1587\" data-type=\"link\" data-id=\"misjawswansea.org.uk\/?page_id=1587\">drugiego<\/a> listu do koryntian<\/li>\n\n\n\n<li>9 maja, &#8222;drugi list do Koryntian&#8221;, <a href=\"http:\/\/wch-biblijne.pl\/index.php\/1998-2005\/2002-2003\/137-2002-2003-7-i-i-ii-list-\u015bw-paw\u0142a-do-koryntian\">konferencja<\/a>, Do nast\u0119pnego spotkania lektura listu \u015bw. Paw\u0142a Aposto\u0142a do rzymian<\/li>\n\n\n\n<li>13 czerwca, &#8222;List do rzymian&#8221;, <a href=\"http:\/\/wch-biblijne.pl\/index.php\/1998-2005\/2002-2003\/138-2002-2003-8-list-\u015bw-paw\u0142a-do-rzymian\">konferencja<\/a>.<\/li>\n<\/ol>\n\n<\/div><\/div><div class = 'socialMediaOnEveryPost'>Zapraszamy do udost\u0119pniania!<div id=\"sgmbShare1-1\" class=\"sgmbShare jssocials-theme-minima sgmbWidget1-1\"><\/div><div class=\"dropdownWrapper dropdownWrapper1 dropdownWrapper-for-widget \" id=\"dropdownWrapper-for-widget\">\r\n\t\t\t\t\t\t<div class=\"dropdownLabel\" id=\"dropdownLabel-share-list\"><span class=\"sgmbButtonListLabel1\">Share List<\/span><\/div>\r\n\t\t\t\t\t\t<div class=\"dropdownPanel dropdownPanel1-1\">\r\n\t\t\t\t\t\t<\/div>\r\n\t\t\t\t\t<\/div><script>  SGMB_URL = \"http:\/\/www.misjawswansea.org.uk\/wp-content\/plugins\/social-media-builder\/\"; jQuery(\".dropdownWrapper\").hide(); SGMB_GOOGLE_ACOUNT = \"\"; <\/script><script type=\"text\/javascript\">\r\n\t\tjQuery(document).ready(function($){var widget = new SGMBWidget();widget.show({\"id\":\"1\",\"title\":\"Zapraszamy do udost\\u0119pniania!\",\"options\":{\"currentUrl\":\"1\",\"url\":\"\",\"shareText\":\"\",\"fontSize\":\"16\",\"betweenButtons\":\"1px\",\"theme\":\"classic\",\"sgmbButtonsPosition\":\"bottomCenter\",\"socialTheme\":\"minima\",\"icon\":\"cloud\",\"buttonsPanelEffect\":\"shake\",\"buttonsEffect\":\"flip\",\"iconsEffect\":\"flip\",\"buttons\":\"{\\\"facebook\\\":{\\\"label\\\":\\\"Share\\\",\\\"icon\\\":\\\"cloud-facebook\\\"},\\\"twitter\\\":{\\\"label\\\":\\\"Tweet\\\",\\\"icon\\\":\\\"cloud-twitter\\\",\\\"via\\\":\\\"\\\",\\\"hashtags\\\":\\\"\\\"},\\\"googleplus\\\":{\\\"label\\\":\\\"+1\\\",\\\"icon\\\":\\\"cloud-googleplus\\\"},\\\"email\\\":{\\\"label\\\":\\\"E-mail\\\",\\\"icon\\\":\\\"cloud-email\\\"}}\",\"roundButton\":\"\",\"showLabels\":\"on\",\"showCounts\":\"\",\"showCenter\":\"\",\"showButtonsAsList\":\"\",\"sgmbDropdownColor\":\"\",\"sgmbDropdownLabelFontSize\":\"14\",\"sgmbDropdownLabelColor\":\"\",\"showButtonsOnEveryPost\":\"on\",\"selectedOrExcluded\":\"\",\"showButtonsOnEveryPage\":\"\",\"textOnEveryPost\":\"Zapraszamy do udost\\u0119pniania!\",\"showButtonsOnCustomPost\":\"\",\"textOnCustomPost\":\"\",\"showButtonsOnMobileDirect\":\"on\",\"showButtonsOnDesktopDirect\":\"on\",\"sgmbSelectedPages\":[\"\"],\"sgmbExcludedPosts\":[\"\"],\"sgmbSelectedCustomPosts\":[],\"showButtonsInPopup\":\"\",\"titleOfPopup\":\"\",\"descriptionOfPopup\":\"\",\"showPopupOnLoad\":\"\",\"showPopupOnScroll\":\"\",\"showPopupOnExit\":\"\",\"openSecondsOfPopup\":\"\",\"googleAnaliticsAccount\":\"\"},\"buttonOptions\":{\"facebook\":{\"label\":\"Share\",\"icon\":\"cloud-facebook\"},\"twitter\":{\"label\":\"Tweet\",\"icon\":\"cloud-twitter\",\"via\":\"\",\"hashtags\":\"\"},\"googleplus\":{\"label\":\"+1\",\"icon\":\"cloud-googleplus\"},\"email\":{\"label\":\"E-mail\",\"icon\":\"cloud-email\"}},\"button\":[\"facebook\",\"twitter\",\"googleplus\",\"email\"]}, 1, '', 'http:\/\/www.misjawswansea.org.uk\/wp-content\/plugins\/social-media-builder\/\/img\/no-image.png', '', 'http:\/\/www.misjawswansea.org.uk\/?page_id=1250'); });<\/script><\/div><script> jQuery(\".socialMediaOnEveryPost\").addClass(\"sgmb-center\") <\/script>","protected":false},"excerpt":{"rendered":"<p>Spotkania odbywaj\u0105 si\u0119 co miesi\u0105c w drugi czwartek miesi\u0105ca w Briton Ferry po Mszy \u015awi\u0119tej o g. 19:00. Rok 2023\/24 po\u015bwi\u0119cony b\u0119dzie lekturze Nowego Testamentu ze szczeg\u00f3lnym uwzgl\u0119dnieniem Ewangelii. Ka\u017cdego miesi\u0105ca b\u0119dziemy czyta\u0107 indywidualnie jedn\u0105 ksi\u0119g\u0119 NT, a na spotkaniu dzieli\u0107 si\u0119 ulubionymi fragmentami i odpowiada\u0107 na pytania i w\u0105tpliwo\u015bci, kt\u00f3re zrodzi\u0142y si\u0119 podczas lektury.&hellip;&nbsp;<a href=\"http:\/\/www.misjawswansea.org.uk\/?page_id=1250\" rel=\"bookmark\">Dowiedz si\u0119 wi\u0119cej &raquo;<span class=\"screen-reader-text\">Kr\u0105g biblijny<\/span><\/a><\/p>\n","protected":false},"author":4,"featured_media":0,"parent":0,"menu_order":0,"comment_status":"closed","ping_status":"closed","template":"","meta":{"neve_meta_sidebar":"","neve_meta_container":"","neve_meta_enable_content_width":"","neve_meta_content_width":0,"neve_meta_title_alignment":"","neve_meta_author_avatar":"","neve_post_elements_order":"","neve_meta_disable_header":"","neve_meta_disable_footer":"","neve_meta_disable_title":"","footnotes":""},"class_list":["post-1250","page","type-page","status-publish","hentry"],"_links":{"self":[{"href":"http:\/\/www.misjawswansea.org.uk\/index.php?rest_route=\/wp\/v2\/pages\/1250","targetHints":{"allow":["GET"]}}],"collection":[{"href":"http:\/\/www.misjawswansea.org.uk\/index.php?rest_route=\/wp\/v2\/pages"}],"about":[{"href":"http:\/\/www.misjawswansea.org.uk\/index.php?rest_route=\/wp\/v2\/types\/page"}],"author":[{"embeddable":true,"href":"http:\/\/www.misjawswansea.org.uk\/index.php?rest_route=\/wp\/v2\/users\/4"}],"replies":[{"embeddable":true,"href":"http:\/\/www.misjawswansea.org.uk\/index.php?rest_route=%2Fwp%2Fv2%2Fcomments&post=1250"}],"version-history":[{"count":23,"href":"http:\/\/www.misjawswansea.org.uk\/index.php?rest_route=\/wp\/v2\/pages\/1250\/revisions"}],"predecessor-version":[{"id":1661,"href":"http:\/\/www.misjawswansea.org.uk\/index.php?rest_route=\/wp\/v2\/pages\/1250\/revisions\/1661"}],"wp:attachment":[{"href":"http:\/\/www.misjawswansea.org.uk\/index.php?rest_route=%2Fwp%2Fv2%2Fmedia&parent=1250"}],"curies":[{"name":"wp","href":"https:\/\/api.w.org\/{rel}","templated":true}]}}