{"id":1417,"date":"2023-11-04T12:02:57","date_gmt":"2023-11-04T12:02:57","guid":{"rendered":"http:\/\/www.misjawswansea.org.uk\/?page_id=1417"},"modified":"2023-12-14T17:15:10","modified_gmt":"2023-12-14T17:15:10","slug":"ewangelia-sw-lukasza","status":"publish","type":"page","link":"http:\/\/www.misjawswansea.org.uk\/?page_id=1417","title":{"rendered":"Ewangelia \u015bw. \u0141ukasza"},"content":{"rendered":"\n<p>PYTANIA POMOCNICZE DO LEKTURY TEKSTU. PO PRZECZYTANIU ROZDZIA\u0141U EWANGELII SPR\u00d3BUJ ODPOWIEDZIE\u0106 Z PAMI\u0118CI NA PONI\u017bSZE PYTANIA. W RAZIE K\u0141OPOT\u00d3W ZAJRZYJ DO EWANGELII I przeczytaj jeszcze raz, tym razem uwa\u017cniej:<\/p>\n\n\n\n<h2 class=\"gb-headline gb-headline-bbb031e6 gb-headline-text\">Rozdzia\u0142 1:<\/h2>\n\n\n\n<ul class=\"wp-block-list\">\n<li>Jak mia\u0142 na imi\u0119 cz\u0142owiek, dla kt\u00f3rego \u0142ukasz napisa\u0142 swoj\u0105 ewangeli\u0119?<\/li>\n\n\n\n<li>w trakcie jakiej czynno\u015bci by\u0142 zachariasz, kiedy ukaza\u0142 mu si\u0119 anio\u0142?<\/li>\n\n\n\n<li>jak d\u0142ugo zachariasz by\u0142 niemy?<\/li>\n\n\n\n<li>przytocz s\u0142owa maryi, po kt\u00f3rych anio\u0142 gabriel odszed\u0142 od niej.<\/li>\n\n\n\n<li>jakimi s\u0142owami el\u017cbieta przywita\u0142a odwiedzaj\u0105c\u0105 j\u0105 maryj\u0119?<\/li>\n<\/ul>\n\n\n\n<h2 class=\"gb-headline gb-headline-9949b8f9 gb-headline-text\">Rozdzia\u0142 2:<\/h2>\n\n\n\n<ul class=\"wp-block-list\">\n<li>dlaczego j\u00f3zef uda\u0142 si\u0119 na spis w\u0142a\u015bnie do betlejem?<\/li>\n\n\n\n<li>co by\u0142o dla pasterzy znakiem narodzenia mesjasza?<\/li>\n\n\n\n<li>kiedy dok\u0142adnie nadano dzieci\u0119ciu imi\u0119 jezus?<\/li>\n\n\n\n<li>wymie\u0144 imiona dwojga prorok\u00f3w, kt\u00f3rzy spotkali Maryj\u0119 i J\u00f3zefa z jezusem podczas sk\u0142adania ofiary w \u015bwi\u0105tyni.<\/li>\n\n\n\n<li>Gdzie by\u0142 i co robi\u0142 dwunastoletni jezus, gdy wreszcie odnale\u017ali go rodzice?<\/li>\n<\/ul>\n\n\n\n<h2 class=\"gb-headline gb-headline-8e6bde21 gb-headline-text\">Rozdzia\u0142 3:<\/h2>\n\n\n\n<ul class=\"wp-block-list\">\n<li>Kto by\u0142 cesarzem rzymskim, kiedy &#8222;skierowane zosta\u0142o s\u0142owo Bo\u017ce do Jana, syna Zachariasza, na pustyni&#8221;?<\/li>\n\n\n\n<li>jakie dwie konkretne grupy zawodowe przychodzi\u0142y do jana, aby przyj\u0105\u0107 chrzest?<\/li>\n\n\n\n<li>z jakiego powodu herod uwi\u0119zi\u0142 jana?<\/li>\n\n\n\n<li> w jakiej postaci zst\u0105pi\u0142 duch \u015bwi\u0119ty na jezusa nad jordanem?<\/li>\n\n\n\n<li>Ile lat mia\u0142 jezus rozpoczynaj\u0105c swoj\u0105 dzia\u0142alno\u015b\u0107?<\/li>\n<\/ul>\n\n\n\n<h2 class=\"gb-headline gb-headline-f868ee84 gb-headline-text\">Rozdzia\u0142 4:<\/h2>\n\n\n\n<ul class=\"wp-block-list\">\n<li>co jezus odpowiedzia\u0142 diab\u0142u na propozycj\u0119 zamiany kamienia w chleb?<\/li>\n\n\n\n<li>uzupe\u0142nij zdanie jezusa wypowiedziane w synagodze w nazarecie po przeczytaniu ust\u0119pu z proroka izajasza: &#8222;Dzi\u015b.  &#8230;&#8230;&#8230;&#8230;&#8230;&#8230;&#8230;&#8230;&#8230;   , kt\u00f3re\u015bcie s\u0142yszeli&#8221;.<\/li>\n\n\n\n<li>Kt\u00f3re dwa zdarzenia zwi\u0105zane z dwoma prorokami starego testamentu przytoczy\u0142 jezus przemawiaj\u0105c w synagodze w nazarecie?<\/li>\n\n\n\n<li>Dlaczego ludzie s\u0142ysz\u0105c jezusa &#8222;Zdumiewali si\u0119 jego nauk\u0105&#8221;?<\/li>\n\n\n\n<li>czyj\u0105 te\u015bciow\u0105 jezus uzdrowi\u0142 z gor\u0105czki?<\/li>\n<\/ul>\n\n\n\n<h2 class=\"gb-headline gb-headline-9ae00ce8 gb-headline-text\">Rozdzia\u0142 5:<\/h2>\n\n\n\n<ul class=\"wp-block-list\">\n<li>co zrobi\u0142 szymon, gdy zobaczy\u0142 cudowny po\u0142\u00f3w ryb?<\/li>\n\n\n\n<li>Jak reagowa\u0142 jezus na rosn\u0105c\u0105 s\u0142aw\u0119 i zbieraj\u0105ce si\u0119 wok\u00f3\u0142 niego t\u0142umy?<\/li>\n\n\n\n<li>co oburzy\u0142o faryzeuszy i uczonych w pi\u015bmie w sposobie, w jaki jezus uzdrowi\u0142 sparali\u017cowanego cz\u0142owieka?<\/li>\n\n\n\n<li>w czyim domu odby\u0142o si\u0119 wielkie przyj\u0119cie na cze\u015b\u0107 jezusa, na kt\u00f3re przysz\u0142a spora liczba celnik\u00f3w ?<\/li>\n\n\n\n<li>jak Jezus odpowiedzia\u0142 na zarzuty faryzeuszy, \u017ce jego uczniowie nie poszcz\u0105?<\/li>\n<\/ul>\n\n\n\n<h2 class=\"gb-headline gb-headline-ef377aa4 gb-headline-text\">Rozdzia\u0142 6:<\/h2>\n\n\n\n<ul class=\"wp-block-list\">\n<li>Doko\u0144cz wypowied\u017a Jezusa w obronie uczni\u00f3w oskar\u017conych o nieprzestrzeganie szabatu: &#8222;Syn cz\u0142owieczy jest &#8230;&#8230;&#8230;..&#8221;.<\/li>\n\n\n\n<li> ile b\u0142ogos\u0142awie\u0144stw wypowiedzia\u0142 jezus na r\u00f3wninie?<\/li>\n\n\n\n<li>Kogo na\u015bladujemy mi\u0142uj\u0105c swoich nieprzyjaci\u00f3\u0142?<\/li>\n\n\n\n<li>Uzupe\u0142nij barkuj\u0105ce s\u0142owa: &#8222;Czemu to widzisz &#8230;&#8230; w &#8230;&#8230;&#8230;. swego brata, a &#8230;&#8230;&#8230;&#8230;. we &#8230;&#8230;&#8230;&#8230;&#8230;.. nie dostrzegasz?&#8221;<\/li>\n\n\n\n<li>Nie wystarczy tylko s\u0142ucha\u0107 s\u0142\u00f3w Jezusa, co jeszcze trzeba robi\u0107, aby by\u0107 podobnym do cz\u0142owieka, kt\u00f3ry fundament domu za\u0142o\u017cy\u0142 na skale?<\/li>\n<\/ul>\n\n\n\n<h2 class=\"gb-headline gb-headline-6b3a54b7 gb-headline-text\">Rozdzia\u0142 7:<\/h2>\n\n\n\n<ul class=\"wp-block-list\">\n<li>iloma \u017co\u0142nierzami dowodzi\u0142 wojskowy, kt\u00f3rego s\u0142ug\u0119 uzdrowi\u0142 jezus na odleg\u0142o\u015b\u0107?<\/li>\n\n\n\n<li>Ilu jeszcze syn\u00f3w mia\u0142a kobieta z miasta nain, kt\u00f3rej jezus wskrzesi\u0142 syna i czy mia\u0142a m\u0119\u017ca?<\/li>\n\n\n\n<li>&#8222;Czy Ty jeste\u015b Tym, kt\u00f3ry ma przyj\u015b\u0107, czy te\u017c innego mamy oczekiwa\u0107?&#8221; &#8211; kto zada\u0142 to pytanie?<\/li>\n\n\n\n<li>Uzupe\u0142nij brakuj\u0105ce s\u0142owa w zdaniu jezusa por\u00f3wnuj\u0105cym wsp\u00f3\u0142czesnych mu ludzi z kapry\u015bnymi dzie\u0107mi: &#8222;Przygrywali\u015bmy wam, a nie &#8230;&#8230;&#8230;&#8230;&#8230;.; biadali\u015bmy, a wy\u015bcie nie &#8230;&#8230;&#8230;&#8230;&#8230;. &#8222;. <\/li>\n\n\n\n<li>co zrobi\u0142a grzeszna kobieta w domu faryzeusza szymona?<\/li>\n<\/ul>\n\n\n\n<h2 class=\"gb-headline gb-headline-ca733dc1 gb-headline-text\">Rozdzia\u0142 8:<\/h2>\n\n\n\n<ul class=\"wp-block-list\">\n<li>wymie\u0144 imiona kobiet, kt\u00f3re w\u0119drowa\u0142y razem z jezusem i aposto\u0142ami.<\/li>\n\n\n\n<li>W przypowie\u015bci o siewcy, co powoduje, \u017ce ci, kt\u00f3rzy wys\u0142uchali s\u0142owa &#8222;sercem szlachetnym i dobrym&#8221; wydaj\u0105 owoc?<\/li>\n\n\n\n<li>O co prosi\u0142y jezusa z\u0142e duchy, kt\u00f3re wesz\u0142y w cz\u0142owieka w kraju gergeze\u0144czyk\u00f3w?<\/li>\n\n\n\n<li>O co prosi\u0142 cz\u0142owiek uwolniony od z\u0142ych duch\u00f3w, a co mu nakaza\u0142 jezus?<\/li>\n\n\n\n<li>Z jakiego powodu wy\u015bmiewali jezusa ludzie w domu jaira?<\/li>\n<\/ul>\n\n\n\n<h2 class=\"gb-headline gb-headline-6e677522 gb-headline-text\">Rozdzia\u0142 9:<\/h2>\n\n\n\n<ul class=\"wp-block-list\">\n<li>Co mieli zrobi\u0107 aposto\u0142owie wys\u0142ani  z misj\u0105 przez jezusa, je\u017celi gdzie\u015b by ich nie przyj\u0119to?<\/li>\n\n\n\n<li>Co odpowiedzia\u0142 jezus aposto\u0142om prosz\u0105cym go, aby odprawi\u0142 t\u0142umy z powodu p\u00f3\u017anej pory i odludnego miejsca? &#8222;Wy &#8230;&#8230;&#8230;&#8230;&#8230;&#8230;&#8230;:.<\/li>\n\n\n\n<li>Uzupe\u0142nij s\u0142owa jezusa: &#8222;Bo c\u00f3\u017c za &#8230;&#8230;&#8230;&#8230; ma cz\u0142owiek, je\u015bli ca\u0142y &#8230;&#8230;&#8230;&#8230;&#8230;., , a &#8230;&#8230;&#8230;&#8230;. zatraci lub szkod\u0119 poniesie?<\/li>\n\n\n\n<li>Co zaproponowa\u0142 piotr, gdy zobaczy\u0142 przemienionego jezusa rozmawiaj\u0105cego z moj\u017ceszem i eliaszem?<\/li>\n\n\n\n<li>Co odpowiedzia\u0142 cz\u0142owiek na skierowane do niego s\u0142owa jezusa &#8222;P\u00f3jd\u017a za mn\u0105&#8221;?<\/li>\n<\/ul>\n\n\n\n<h2 class=\"gb-headline gb-headline-054049ce gb-headline-text\">Rozdzia\u0142 10:<\/h2>\n\n\n\n<ul class=\"wp-block-list\">\n<li>Ilu jeszcze uczni\u00f3w, opr\u00f3cz 12 aposto\u0142\u00f3w, wyznaczy\u0142 Pan Jezus i wys\u0142a\u0142 w parach przed sob\u0105?<\/li>\n\n\n\n<li>do jakich zwierz\u0105t por\u00f3wna\u0142 jezus swoich uczni\u00f3w, a do jakich ludzi, mi\u0119dzy kt\u00f3rych ich posy\u0142a\u0142?<\/li>\n\n\n\n<li>Uczniowie Jezusa mieli cieszy\u0107 si\u0119 przede wszystkim nie z tego, \u017ce z\u0142e duchy im si\u0119 poddaj\u0105, lecz z czego?<\/li>\n\n\n\n<li>Kogo Chrystus stawia za wz\u00f3r mi\u0142o\u015bci bli\u017aniego w swojej przypowie\u015bci: kap\u0142ana, lewit\u0119 czy samarytanina?<\/li>\n\n\n\n<li>&#8222;Maria obra\u0142a najlepsz\u0105 cz\u0105stk\u0119, kt\u00f3rej nie b\u0119dzie pozbawiona&#8221;. co takiego wybra\u0142a maria, a co w tym czasie robi\u0142a marta?<\/li>\n<\/ul>\n\n\n\n<h2 class=\"gb-headline gb-headline-9a971920 gb-headline-text\">Rozdzia\u0142 11:<\/h2>\n\n\n\n<ul class=\"wp-block-list\">\n<li>W \u0142ukaszowej wersji modlitwy &#8222;ojcze nasz&#8221; jest &#8222;chleba naszego powszedniego dawaj nam &#8230;&#8230;&#8230;..&#8221;.<\/li>\n\n\n\n<li> uzupe\u0142nij brakuj\u0105ce s\u0142owa: &#8222;Je\u015bli wi\u0119c wy, cho\u0107 \u017ali jeste\u015bcie, umiecie dawa\u0107 dobre dary swoim dzieciom, o ile\u017c bardziej Ojciec z nieba da &#8230;&#8230;&#8230;&#8230;&#8230;. tym, kt\u00f3rzy Go prosz\u0105&#8221;.<\/li>\n\n\n\n<li>Jaki jeden znak zostanie tylko dany &#8222;przewrotnemu plemieniu&#8221;, czyli ludziom nie dowierzaj\u0105cym chrystusowi?<\/li>\n\n\n\n<li>co w zachowaniu jezusa zdziwi\u0142o faryzeusza, kt\u00f3ry zaprosi\u0142 go do siebie na obiad?<\/li>\n\n\n\n<li>jakie postawy uczonych w prawie dotycz\u0105ce ci\u0119\u017car\u00f3w i kluczy poznania pot\u0119pia jezus? <\/li>\n<\/ul>\n\n\n\n<h2 class=\"gb-headline gb-headline-08f52ff7 gb-headline-text\">Rozdzia\u0142 12:<\/h2>\n\n\n\n<ul class=\"wp-block-list\">\n<li>podkre\u015blaj\u0105c jak cenni jeste\u015bmy w oczach boga o czym m\u00f3wi jezus, \u017ce jest policzone?<\/li>\n\n\n\n<li>co si\u0119 mia\u0142o sta\u0107 &#8222;jeszcze tej nocy&#8221; z bogatym cz\u0142owiekiem z przypowie\u015bci jezusa, kt\u00f3ry szykowa\u0142 si\u0119, \u017ceby d\u0142ugie lata u\u017cywa\u0107 \u017cycia?<\/li>\n\n\n\n<li>uzupe\u0142nij s\u0142owa chrystusa ilustruj\u0105ce potrzeb\u0119 bycia przygotowanym na jego przyj\u015bcie: &#8222;Niech b\u0119d\u0105 przepasane &#8230;&#8230;&#8230;&#8230;.. wasze i zapalone &#8230;&#8230;&#8230;&#8230;!&#8221;<\/li>\n\n\n\n<li>czy chrystus przyszed\u0142 da\u0107 ziemi pok\u00f3j czy roz\u0142am?<\/li>\n\n\n\n<li>jakie przyk\u0142ady umiej\u0119tno\u015bci rozpoznawania przez ludzi &#8222;wygl\u0105du nieba i ziemi&#8221; podaje chrystus, kiedy wyrzuca im nieumiej\u0119tno\u015b\u0107 rozpoznania znak\u00f3w czasu?<\/li>\n<\/ul>\n\n\n\n<h2 class=\"gb-headline gb-headline-8e49affa gb-headline-text\">Rozdzia\u0142 13:<\/h2>\n\n\n\n<ul class=\"wp-block-list\">\n<li>sk\u0105d pochodzili ludzie, kt\u00f3rzy zostali zabici przez \u017co\u0142nierzy rzymskich podczas sk\u0142adania ofiar w jerozolimie?<\/li>\n\n\n\n<li>Co obieca\u0142 zrobi\u0107 ogrodnik z nieowocuj\u0105cym drzewem figowym, \u017ceby uchroni\u0107&nbsp;je przed wyci\u0119ciem?<\/li>\n\n\n\n<li>na jak\u0105 dolegliwo\u015b\u0107 cierpia\u0142a kobieta, kt\u00f3r\u0105 pan jezus uzdrowi\u0142 w synagodze podczas szabatu?<\/li>\n\n\n\n<li>doko\u0144cz s\u0142owa chrystusa m\u00f3wi\u0105ce o tym, jak by\u0107 zbawionym: &#8222;Usi\u0142ujcie WEJ\u015a\u0106 &#8230;&#8230;&#8230;&#8230;&#8230;.&#8221;.<\/li>\n\n\n\n<li>do kogo jezus kieruje te s\u0142owa: &#8222;Ty zabijasz prorok\u00f3w i kamienujesz tych, kt\u00f3rzy do ciebie s\u0105 pos\u0142ani&#8221;?<\/li>\n<\/ul>\n\n\n\n<h2 class=\"gb-headline gb-headline-c573aeaf gb-headline-text\">Rozdzia\u0142 14:<\/h2>\n\n\n\n<ul class=\"wp-block-list\">\n<li>kt\u00f3re miejsce jezus radzi\u0142 zajmowa\u0107 zaproszonym na uczt\u0119, pierwsze czy ostatnie?<\/li>\n\n\n\n<li>jak uzasadnia jezus swoje zalecenie, \u017ceby na uczt\u0119 nie zaprasza\u0107 rodziny ani przyjaci\u00f3\u0142, ale ubogich i kalekich?<\/li>\n\n\n\n<li>jakie wym\u00f3wki podali ci, kt\u00f3rzy zostali zaproszeni na wielk\u0105 uczt\u0119, ale nie chcieli przyj\u015b\u0107?<\/li>\n\n\n\n<li>w przyk\u0142adzie jezusa, jak liczn\u0105 armi\u0105 dysponowa\u0142 kr\u00f3l, kt\u00f3rego przeciwnik nadci\u0105ga\u0142 z 20 tysi\u0105cami \u017co\u0142nierzy?<\/li>\n\n\n\n<li>kto nie mo\u017ce by\u0107 uczniem chrystusa &#8211; uzupe\u0142nij: &#8222;kto nie &#8230;&#8230;&#8230;&#8230;&#8230; wszystkiego, co &#8230;&#8230;&#8230;&#8230;&#8230;.&#8221;.<\/li>\n<\/ul>\n\n\n\n<h2 class=\"gb-headline gb-headline-3a996a9b gb-headline-text\">Rozdzia\u0142 15:<\/h2>\n\n\n\n<ul class=\"wp-block-list\">\n<li>Uzupe\u0142nij: &#8222;Tak samo w niebie&nbsp;wi\u0119ksza b\u0119dzie rado\u015b\u0107 z jednego grzesznika, kt\u00f3ry si\u0119 nawraca, ni\u017c &#8230;&#8230;&#8230;&#8230;&#8230;..&#8221;<\/li>\n\n\n\n<li>co robi kobieta po odnalezieniu zgubionej drachmy?<\/li>\n\n\n\n<li>jak\u0105 prac\u0119 dosta\u0142 m\u0142odszy syn w kraju, do kt\u00f3rego wyjecha\u0142?<\/li>\n\n\n\n<li>co zrobi\u0142 ojciec, gdy ujrza\u0142 wracaj\u0105cego syna?<\/li>\n\n\n\n<li>gdzie By\u0142 starszy syn w czasie powrotu brata?<\/li>\n<\/ul>\n\n\n\n<h2 class=\"gb-headline gb-headline-9ae3d834 gb-headline-text\">Rozdzia\u0142 16:<\/h2>\n\n\n\n<ul class=\"wp-block-list\">\n<li>co wymy\u015bli\u0142 rz\u0105dca, kiedy dowiedzia\u0142 si\u0119, \u017c b\u0119dzie zwolniony z pracy?<\/li>\n\n\n\n<li>dlaczego pan pochwali\u0142 nieuczciwego rz\u0105dc\u0119?<\/li>\n\n\n\n<li>Doko\u0144cz zdanie chrystusa: &#8222;Nie mo\u017cecie s\u0142u\u017cy\u0107 &#8230;&#8230;&#8230;&#8230;&#8230;&#8230;&#8230;&#8230;&#8230;&#8221;.<\/li>\n\n\n\n<li>w czyim towarzystwie ujrza\u0142 bogaty cz\u0142owiek \u0142azarza po swojej \u015bmierci?<\/li>\n\n\n\n<li>ilu braci mia\u0142 bogacz?<\/li>\n<\/ul>\n\n\n\n<h2 class=\"gb-headline gb-headline-f47db327 gb-headline-text\">Rozdzia\u0142 17:<\/h2>\n\n\n\n<ul class=\"wp-block-list\">\n<li>Lepiej, \u017ceby cz\u0142owiekowi zawieszono kamie\u0144 m\u0142y\u0144ski u szyi i wrzucono w morze, ni\u017c \u017ceby &#8230;. ?<\/li>\n\n\n\n<li>Co mieli m\u00f3wi\u0107 aposto\u0142owie po wykonaniu swojego zadania? &#8222;&#8230;&#8230;&#8230;&#8230;&#8230;&#8230;&#8230;&#8230;&#8230;. jeste\u015bmy. Wykonali\u015bmy to, co powinni\u015bmy wykona\u0107&#8221;.<\/li>\n\n\n\n<li> ilu tr\u0119dowatych zosta\u0142o uzdrowionych przez Chrystusa na pograniczu samarii i galilei, a ilu z nich wr\u00f3ci\u0142o, \u017ceby mu podzi\u0119kowa\u0107?<\/li>\n\n\n\n<li>o kr\u00f3lestwie bo\u017cym nie mo\u017cna powiedzie\u0107, \u017ce jest &#8222;tu&#8221; albo &#8222;tam&#8221;. Gdzie zatem jest?<\/li>\n\n\n\n<li>M\u00f3wi\u0105c o tym, \u017ce jego powt\u00f3rne przyj\u015bcie na ziemi\u0119 b\u0119dzie dostrzegalne z \u0141atwo\u015bci\u0105, jakich dw\u00f3ch przyrodniczych obraz\u00f3w u\u017cywa chrystus?<\/li>\n<\/ul>\n\n\n\n<h2 class=\"gb-headline gb-headline-47b0c523 gb-headline-text\">Rozdzia\u0142 18:<\/h2>\n\n\n\n<ul class=\"wp-block-list\">\n<li>z jakiego powodu niesprawiedliwy s\u0119dzia postanowi\u0142 w ko\u0144cu wzi\u0105\u0107 wdow\u0119 w obron\u0119?<\/li>\n\n\n\n<li>Podczas modlitwy w \u015awi\u0105tyni, co m\u00f3wi\u0142 do boga faryzeusz, a co celnik?<\/li>\n\n\n\n<li>dlaczego &#8222;pewien zwierzchnik&#8221;, us\u0142yszawszy zaproszenie jezusa, \u017ceby zosta\u0107 jego uczniem, mocno si\u0119 zasmuci\u0142?<\/li>\n\n\n\n<li>co otrzyma &#8222;w wieku przysz\u0142ym&#8221; ten, kto opu\u015bci wszystko dla Pana jezusa?<\/li>\n\n\n\n<li>co zrobi\u0142 niewidomy \u017cebrak po tym, jak przejrza\u0142?<\/li>\n<\/ul>\n\n\n\n<h2 class=\"gb-headline gb-headline-224a4135 gb-headline-text\">Rozdzia\u0142 19:<\/h2>\n\n\n\n<ul class=\"wp-block-list\">\n<li>kim by\u0142 zacheusz?<\/li>\n\n\n\n<li>jak zacheusz obieca\u0142 zrekompensowa\u0107 krzywdy, kt\u00f3re wyrz\u0105dzi\u0142?<\/li>\n\n\n\n<li>ile min otrzyma\u0142 ka\u017cdy ze s\u0142ug w przypowie\u015bci jezusa?<\/li>\n\n\n\n<li>uzupe\u0142nij s\u0142owa, kt\u00f3rymi uczniowie witali chrystusa wje\u017cd\u017caj\u0105cego do jerozolimy: &#8222;&#8230;&#8230;&#8230;&#8230; kr\u00f3l, kt\u00d3ry przychodzi w &#8230;&#8230;&#8230;&#8230;&#8230;&#8230;&#8230;.&#8221;.<\/li>\n\n\n\n<li>doko\u0144cz proroctwo Pana jezusa na temat losu jerozolimy: &#8222;nie zostawi\u0105 w tobie kamienia na kamieniu za to, \u017ce\u015b &#8230;&#8230;&#8230;&#8230;&#8230;&#8230;&#8230;&#8230;.&#8221;<\/li>\n<\/ul>\n\n\n\n<h2 class=\"gb-headline gb-headline-8da7ad4a gb-headline-text\">Rozdzia\u0142 20:<\/h2>\n\n\n\n<ul class=\"wp-block-list\">\n<li>co odpowiedzieli faryzeusze i uczeni w pi\u015bmie na pytanie jezusa: &#8222;czy chrzest janowy pochodzi\u0142 z nieba, czy te\u017c od ludzi&#8221;?<\/li>\n\n\n\n<li>w przypowie\u015bci chrystusa winnica symbolizuje ca\u0142y nar\u00f3d izraelski, a kogo symbolizuj\u0105 zbuntowani rolnicy?<\/li>\n\n\n\n<li>jaki ukryty cel chcieli osi\u0105gn\u0105\u0107 uczeni w pi\u015bmie i arcykap\u0142ani, zadaj\u0105c jezusowi pytanie o spraw\u0119 p\u0142acenia podatku cezarowi?<\/li>\n\n\n\n<li>uzupe\u0142nij ostatnie zdanie odpowiedzi, ktorej pan jezus udzieli\u0142 saduceuszom: &#8222;B\u00f3g nie jest &#8230;&#8230;&#8230;&#8230;&#8230;.., lecz &#8230;&#8230;&#8230;&#8230;&#8230;&#8230;&#8230;; wszyscy bowiem &#8230;&#8230;&#8230;&#8230;&#8230;&#8230;&#8230;&#8230;&#8221;.<\/li>\n\n\n\n<li>dlaczego uczeni w pi\u015bmie d\u0142ugo si\u0119 modl\u0105?<\/li>\n<\/ul>\n\n\n\n<h2 class=\"gb-headline gb-headline-9196bcfb gb-headline-text\">Rozdzia\u0142 21:<\/h2>\n\n\n\n<ul class=\"wp-block-list\">\n<li>co wrzuci\u0142a na ofiar\u0119 uboga wdowa?<\/li>\n\n\n\n<li>na czyje imi\u0119 b\u0119dzie&nbsp;powo\u0142ywa\u0107 si\u0119 wielu fa\u0142szywie przepowiadaj\u0105c koniec \u015bwiata s\u0142owami &#8222;Nadszed\u0142 czas&#8221;?<\/li>\n\n\n\n<li>prze\u015bladowania staj\u0105 si\u0119 dla uczni\u00f3w okazj\u0105. Do czego?<\/li>\n\n\n\n<li>w dniach ostatecznych na widok tego co si\u0119 dzieje &#8222;ludzie mdle\u0107 b\u0119d\u0105 ze strachu&#8221;. a co maj\u0105 robi\u0107 uczniowie chrystusa &#8211; uzupe\u0142nij: &#8221; &#8230;&#8230;&#8230;&#8230;&#8230;&#8230;&#8230;&#8230;&#8230;&#8230;&#8230;&#8230;&#8230;&#8230;, poniewa\u017c zbli\u017ca si\u0119 wasze odkupienie&#8221;.<\/li>\n\n\n\n<li>czego uczniowie maj\u0105 si\u0119 wystrzega\u0107, aby ich serca nie by\u0142y oci\u0119\u017ca\u0142e i by nie zostali zaskoczeni powt\u00f3rnym przyj\u015bciem chrystusa?<\/li>\n<\/ul>\n\n\n\n<h2 class=\"gb-headline gb-headline-5ab60f54 gb-headline-text\">Rozdzia\u0142 22:<\/h2>\n\n\n\n<ul class=\"wp-block-list\">\n<li>Jak\u0105 si\u0119 nazywa\u0142 uroczysty dzie\u0144, \u201cw kt\u00f3rym nale\u017ca\u0142o ofiarowa\u0107 Pasch\u0119\u201d?<\/li>\n\n\n\n<li>Czy Chrystus by\u0142 w\u015br\u00f3d uczni\u00f3w jako ten, kto siedzi za sto\u0142em, czy ten, kto s\u0142u\u017cy?<\/li>\n\n\n\n<li>Czego domaga\u0142 si\u0119 Szatan wobec Szymona, a co prosi\u0142 dla niego Chrystus?<\/li>\n\n\n\n<li>Ile mieczy znale\u017ali u siebie uczniowie w odpowiedzi na s\u0142owa Jezusa o tym, \u017ceby sprzeda\u0107 p\u0142aszcz i kupi\u0107 miecz?<\/li>\n\n\n\n<li>Dok\u0105d, po aresztowaniu, zaprowadzono Jezusa?<\/li>\n<\/ul>\n\n\n\n<h2 class=\"gb-headline gb-headline-75cb7945 gb-headline-text\">Rozdzia\u0142 23:<\/h2>\n\n\n\n<ul class=\"wp-block-list\">\n<li>Do kogo odes\u0142a\u0142 Pi\u0142at Jezusa, dowiedziawszy si\u0119, \u017ce jest On Galilejczykiem?<\/li>\n\n\n\n<li>Za jakie przest\u0119pstwa Barabasz zosta\u0142 wtr\u0105cony do wi\u0119zienia?<\/li>\n\n\n\n<li>Doko\u0144cz s\u0142owa Jezusa skierowane do lamentuj\u0105cych kobiet: \u201eC\u00f3rki jerozolimskie, nie p\u0142aczcie nade Mn\u0105, p\u0142aczcie raczej \u2026.. \u201d.<\/li>\n\n\n\n<li>Co powiedzia\u0142 Chrystus do ukrzy\u017cowanego z Nim z\u0142oczy\u0144cy?<\/li>\n\n\n\n<li>Jak si\u0119 nazywa\u0142 cz\u0142owiek, kt\u00f3ry poprosi\u0142 Pi\u0142ata o cia\u0142o Jezusa i z jakiego miasta pochodzi\u0142?<\/li>\n<\/ul>\n\n\n\n<h2 class=\"gb-headline gb-headline-f86b7fb7 gb-headline-text\">Rozdzia\u0142 24:<\/h2>\n\n\n\n<ul class=\"wp-block-list\">\n<li>Wymie\u0144 imiona przynajmniej dw\u00f3ch kobiet, kt\u00f3re pierwsze odkry\u0142y, \u017ce w grobie nie ma cia\u0142a Pana Jezusa.&nbsp;<\/li>\n\n\n\n<li>Dok\u0105d szli dwaj uczniowie Jezusa w dzie\u0144 Zmartwychwstania?<\/li>\n\n\n\n<li>W kt\u00f3rym momencie dwaj uczniowie rozpoznali Chrystusa?<\/li>\n\n\n\n<li>Jakie dwie czynno\u015bci mia\u0142y potwierdzi\u0107 zdumionym uczniom, \u017ce maj\u0105 do czynienia z \u017cywym Jezusem, a nie z duchem?<\/li>\n\n\n\n<li>Na co mieli czeka\u0107 uczniowie w Jerozolimie po Wniebowst\u0105pieniu Pana Jezusa?<\/li>\n<\/ul>\n<div class = 'socialMediaOnEveryPost'>Zapraszamy do udost\u0119pniania!<div id=\"sgmbShare1-1\" class=\"sgmbShare jssocials-theme-minima sgmbWidget1-1\"><\/div><div class=\"dropdownWrapper dropdownWrapper1 dropdownWrapper-for-widget \" id=\"dropdownWrapper-for-widget\">\r\n\t\t\t\t\t\t<div class=\"dropdownLabel\" id=\"dropdownLabel-share-list\"><span class=\"sgmbButtonListLabel1\">Share List<\/span><\/div>\r\n\t\t\t\t\t\t<div class=\"dropdownPanel dropdownPanel1-1\">\r\n\t\t\t\t\t\t<\/div>\r\n\t\t\t\t\t<\/div><script>  SGMB_URL = \"http:\/\/www.misjawswansea.org.uk\/wp-content\/plugins\/social-media-builder\/\"; jQuery(\".dropdownWrapper\").hide(); SGMB_GOOGLE_ACOUNT = \"\"; <\/script><script type=\"text\/javascript\">\r\n\t\tjQuery(document).ready(function($){var widget = new SGMBWidget();widget.show({\"id\":\"1\",\"title\":\"Zapraszamy do udost\\u0119pniania!\",\"options\":{\"currentUrl\":\"1\",\"url\":\"\",\"shareText\":\"\",\"fontSize\":\"16\",\"betweenButtons\":\"1px\",\"theme\":\"classic\",\"sgmbButtonsPosition\":\"bottomCenter\",\"socialTheme\":\"minima\",\"icon\":\"cloud\",\"buttonsPanelEffect\":\"shake\",\"buttonsEffect\":\"flip\",\"iconsEffect\":\"flip\",\"buttons\":\"{\\\"facebook\\\":{\\\"label\\\":\\\"Share\\\",\\\"icon\\\":\\\"cloud-facebook\\\"},\\\"twitter\\\":{\\\"label\\\":\\\"Tweet\\\",\\\"icon\\\":\\\"cloud-twitter\\\",\\\"via\\\":\\\"\\\",\\\"hashtags\\\":\\\"\\\"},\\\"googleplus\\\":{\\\"label\\\":\\\"+1\\\",\\\"icon\\\":\\\"cloud-googleplus\\\"},\\\"email\\\":{\\\"label\\\":\\\"E-mail\\\",\\\"icon\\\":\\\"cloud-email\\\"}}\",\"roundButton\":\"\",\"showLabels\":\"on\",\"showCounts\":\"\",\"showCenter\":\"\",\"showButtonsAsList\":\"\",\"sgmbDropdownColor\":\"\",\"sgmbDropdownLabelFontSize\":\"14\",\"sgmbDropdownLabelColor\":\"\",\"showButtonsOnEveryPost\":\"on\",\"selectedOrExcluded\":\"\",\"showButtonsOnEveryPage\":\"\",\"textOnEveryPost\":\"Zapraszamy do udost\\u0119pniania!\",\"showButtonsOnCustomPost\":\"\",\"textOnCustomPost\":\"\",\"showButtonsOnMobileDirect\":\"on\",\"showButtonsOnDesktopDirect\":\"on\",\"sgmbSelectedPages\":[\"\"],\"sgmbExcludedPosts\":[\"\"],\"sgmbSelectedCustomPosts\":[],\"showButtonsInPopup\":\"\",\"titleOfPopup\":\"\",\"descriptionOfPopup\":\"\",\"showPopupOnLoad\":\"\",\"showPopupOnScroll\":\"\",\"showPopupOnExit\":\"\",\"openSecondsOfPopup\":\"\",\"googleAnaliticsAccount\":\"\"},\"buttonOptions\":{\"facebook\":{\"label\":\"Share\",\"icon\":\"cloud-facebook\"},\"twitter\":{\"label\":\"Tweet\",\"icon\":\"cloud-twitter\",\"via\":\"\",\"hashtags\":\"\"},\"googleplus\":{\"label\":\"+1\",\"icon\":\"cloud-googleplus\"},\"email\":{\"label\":\"E-mail\",\"icon\":\"cloud-email\"}},\"button\":[\"facebook\",\"twitter\",\"googleplus\",\"email\"]}, 1, '', 'http:\/\/www.misjawswansea.org.uk\/wp-content\/plugins\/social-media-builder\/\/img\/no-image.png', '', 'http:\/\/www.misjawswansea.org.uk\/?page_id=1417'); });<\/script><\/div><script> jQuery(\".socialMediaOnEveryPost\").addClass(\"sgmb-center\") <\/script>","protected":false},"excerpt":{"rendered":"<p>PYTANIA POMOCNICZE DO LEKTURY TEKSTU. PO PRZECZYTANIU ROZDZIA\u0141U EWANGELII SPR\u00d3BUJ ODPOWIEDZIE\u0106 Z PAMI\u0118CI NA PONI\u017bSZE PYTANIA. W RAZIE K\u0141OPOT\u00d3W ZAJRZYJ DO EWANGELII I przeczytaj jeszcze raz, tym razem uwa\u017cniej: Rozdzia\u0142 1: Rozdzia\u0142 2: Rozdzia\u0142 3: Rozdzia\u0142 4: Rozdzia\u0142 5: Rozdzia\u0142 6: Rozdzia\u0142 7: Rozdzia\u0142 8: Rozdzia\u0142 9: Rozdzia\u0142 10: Rozdzia\u0142 11: Rozdzia\u0142 12: Rozdzia\u0142 13:&hellip;&nbsp;<a href=\"http:\/\/www.misjawswansea.org.uk\/?page_id=1417\" rel=\"bookmark\">Dowiedz si\u0119 wi\u0119cej &raquo;<span class=\"screen-reader-text\">Ewangelia \u015bw. \u0141ukasza<\/span><\/a><\/p>\n","protected":false},"author":4,"featured_media":0,"parent":0,"menu_order":0,"comment_status":"closed","ping_status":"closed","template":"","meta":{"neve_meta_sidebar":"","neve_meta_container":"","neve_meta_enable_content_width":"","neve_meta_content_width":0,"neve_meta_title_alignment":"","neve_meta_author_avatar":"","neve_post_elements_order":"","neve_meta_disable_header":"","neve_meta_disable_footer":"","neve_meta_disable_title":"","footnotes":""},"class_list":["post-1417","page","type-page","status-publish","hentry"],"_links":{"self":[{"href":"http:\/\/www.misjawswansea.org.uk\/index.php?rest_route=\/wp\/v2\/pages\/1417","targetHints":{"allow":["GET"]}}],"collection":[{"href":"http:\/\/www.misjawswansea.org.uk\/index.php?rest_route=\/wp\/v2\/pages"}],"about":[{"href":"http:\/\/www.misjawswansea.org.uk\/index.php?rest_route=\/wp\/v2\/types\/page"}],"author":[{"embeddable":true,"href":"http:\/\/www.misjawswansea.org.uk\/index.php?rest_route=\/wp\/v2\/users\/4"}],"replies":[{"embeddable":true,"href":"http:\/\/www.misjawswansea.org.uk\/index.php?rest_route=%2Fwp%2Fv2%2Fcomments&post=1417"}],"version-history":[{"count":21,"href":"http:\/\/www.misjawswansea.org.uk\/index.php?rest_route=\/wp\/v2\/pages\/1417\/revisions"}],"predecessor-version":[{"id":1514,"href":"http:\/\/www.misjawswansea.org.uk\/index.php?rest_route=\/wp\/v2\/pages\/1417\/revisions\/1514"}],"wp:attachment":[{"href":"http:\/\/www.misjawswansea.org.uk\/index.php?rest_route=%2Fwp%2Fv2%2Fmedia&parent=1417"}],"curies":[{"name":"wp","href":"https:\/\/api.w.org\/{rel}","templated":true}]}}