{"id":1533,"date":"2024-01-06T13:35:33","date_gmt":"2024-01-06T13:35:33","guid":{"rendered":"http:\/\/www.misjawswansea.org.uk\/?page_id=1533"},"modified":"2024-04-04T09:42:57","modified_gmt":"2024-04-04T09:42:57","slug":"ewangelia-sw-jana","status":"publish","type":"page","link":"http:\/\/www.misjawswansea.org.uk\/?page_id=1533","title":{"rendered":"Ewangelia \u015bw. Jana"},"content":{"rendered":"\n<p>PYTANIA POMOCNICZE DO LEKTURY TEKSTU. PO PRZECZYTANIU ROZDZIA\u0141U EWANGELII SPR\u00d3BUJ ODPOWIEDZIE\u0106 Z PAMI\u0118CI NA PONI\u017bSZE PYTANIA. W RAZIE K\u0141OPOT\u00d3W ZAJRZYJ DO EWANGELII I PRZECZYTAJ JESZCZE RAZ, TYM RAZEM UWA\u017bNIEJ:<\/p>\n\n\n\n<h2 class=\"gb-headline gb-headline-bbb031e6 gb-headline-text\">Rozdzia\u0142 1:<\/h2>\n\n\n\n<ul class=\"wp-block-list\">\n<li>Zacytuj z pami\u0119ci zdanie otwieraj\u0105ce Ewangeli\u0119 \u015bw. jana.<\/li>\n\n\n\n<li>Ze s\u0142ynnego zdania prologu &#8222;A S\u0142owo sta\u0142o si\u0119 cia\u0142em i zamieszka\u0142o w\u015br\u00f3d nas&#8221; domy\u015blamy si\u0119, \u017ce kto nazwany jest tutaj &#8222;S\u0142owem&#8221;?<\/li>\n\n\n\n<li>jak, i to dwukrotnie, nazywa Jan chrzciciel chrystusa w tym rozdziale? (drugi raz w obecno\u015bci swoich uczni\u00f3w)<\/li>\n\n\n\n<li>kto przedstawi\u0142 szymona piotra chrystusowi?<\/li>\n\n\n\n<li>A kogo przyprowadzi\u0142 do chrystusa filip z betsaidy?<\/li>\n<\/ul>\n<div class = 'socialMediaOnEveryPost'>Zapraszamy do udost\u0119pniania!<div id=\"sgmbShare1-1\" class=\"sgmbShare jssocials-theme-minima sgmbWidget1-1\"><\/div><div class=\"dropdownWrapper dropdownWrapper1 dropdownWrapper-for-widget \" id=\"dropdownWrapper-for-widget\">\r\n\t\t\t\t\t\t<div class=\"dropdownLabel\" id=\"dropdownLabel-share-list\"><span class=\"sgmbButtonListLabel1\">Share List<\/span><\/div>\r\n\t\t\t\t\t\t<div class=\"dropdownPanel dropdownPanel1-1\">\r\n\t\t\t\t\t\t<\/div>\r\n\t\t\t\t\t<\/div><script>  SGMB_URL = \"http:\/\/www.misjawswansea.org.uk\/wp-content\/plugins\/social-media-builder\/\"; jQuery(\".dropdownWrapper\").hide(); SGMB_GOOGLE_ACOUNT = \"\"; <\/script><script type=\"text\/javascript\">\r\n\t\tjQuery(document).ready(function($){var widget = new SGMBWidget();widget.show({\"id\":\"1\",\"title\":\"Zapraszamy do udost\\u0119pniania!\",\"options\":{\"currentUrl\":\"1\",\"url\":\"\",\"shareText\":\"\",\"fontSize\":\"16\",\"betweenButtons\":\"1px\",\"theme\":\"classic\",\"sgmbButtonsPosition\":\"bottomCenter\",\"socialTheme\":\"minima\",\"icon\":\"cloud\",\"buttonsPanelEffect\":\"shake\",\"buttonsEffect\":\"flip\",\"iconsEffect\":\"flip\",\"buttons\":\"{\\\"facebook\\\":{\\\"label\\\":\\\"Share\\\",\\\"icon\\\":\\\"cloud-facebook\\\"},\\\"twitter\\\":{\\\"label\\\":\\\"Tweet\\\",\\\"icon\\\":\\\"cloud-twitter\\\",\\\"via\\\":\\\"\\\",\\\"hashtags\\\":\\\"\\\"},\\\"googleplus\\\":{\\\"label\\\":\\\"+1\\\",\\\"icon\\\":\\\"cloud-googleplus\\\"},\\\"email\\\":{\\\"label\\\":\\\"E-mail\\\",\\\"icon\\\":\\\"cloud-email\\\"}}\",\"roundButton\":\"\",\"showLabels\":\"on\",\"showCounts\":\"\",\"showCenter\":\"\",\"showButtonsAsList\":\"\",\"sgmbDropdownColor\":\"\",\"sgmbDropdownLabelFontSize\":\"14\",\"sgmbDropdownLabelColor\":\"\",\"showButtonsOnEveryPost\":\"on\",\"selectedOrExcluded\":\"\",\"showButtonsOnEveryPage\":\"\",\"textOnEveryPost\":\"Zapraszamy do udost\\u0119pniania!\",\"showButtonsOnCustomPost\":\"\",\"textOnCustomPost\":\"\",\"showButtonsOnMobileDirect\":\"on\",\"showButtonsOnDesktopDirect\":\"on\",\"sgmbSelectedPages\":[\"\"],\"sgmbExcludedPosts\":[\"\"],\"sgmbSelectedCustomPosts\":[],\"showButtonsInPopup\":\"\",\"titleOfPopup\":\"\",\"descriptionOfPopup\":\"\",\"showPopupOnLoad\":\"\",\"showPopupOnScroll\":\"\",\"showPopupOnExit\":\"\",\"openSecondsOfPopup\":\"\",\"googleAnaliticsAccount\":\"\"},\"buttonOptions\":{\"facebook\":{\"label\":\"Share\",\"icon\":\"cloud-facebook\"},\"twitter\":{\"label\":\"Tweet\",\"icon\":\"cloud-twitter\",\"via\":\"\",\"hashtags\":\"\"},\"googleplus\":{\"label\":\"+1\",\"icon\":\"cloud-googleplus\"},\"email\":{\"label\":\"E-mail\",\"icon\":\"cloud-email\"}},\"button\":[\"facebook\",\"twitter\",\"googleplus\",\"email\"]}, 1, '', 'http:\/\/www.misjawswansea.org.uk\/wp-content\/plugins\/social-media-builder\/\/img\/no-image.png', '', 'http:\/\/www.misjawswansea.org.uk\/?page_id=1533'); });<\/script><\/div><script> jQuery(\".socialMediaOnEveryPost\").addClass(\"sgmb-center\") <\/script>","protected":false},"excerpt":{"rendered":"<p>PYTANIA POMOCNICZE DO LEKTURY TEKSTU. PO PRZECZYTANIU ROZDZIA\u0141U EWANGELII SPR\u00d3BUJ ODPOWIEDZIE\u0106 Z PAMI\u0118CI NA PONI\u017bSZE PYTANIA. W RAZIE K\u0141OPOT\u00d3W ZAJRZYJ DO EWANGELII I PRZECZYTAJ JESZCZE RAZ, TYM RAZEM UWA\u017bNIEJ: Rozdzia\u0142 1: Zapraszamy do udost\u0119pniania! Share List<\/p>\n","protected":false},"author":4,"featured_media":0,"parent":0,"menu_order":0,"comment_status":"closed","ping_status":"closed","template":"","meta":{"neve_meta_sidebar":"","neve_meta_container":"","neve_meta_enable_content_width":"","neve_meta_content_width":0,"neve_meta_title_alignment":"","neve_meta_author_avatar":"","neve_post_elements_order":"","neve_meta_disable_header":"","neve_meta_disable_footer":"","neve_meta_disable_title":"","footnotes":""},"class_list":["post-1533","page","type-page","status-publish","hentry"],"_links":{"self":[{"href":"http:\/\/www.misjawswansea.org.uk\/index.php?rest_route=\/wp\/v2\/pages\/1533","targetHints":{"allow":["GET"]}}],"collection":[{"href":"http:\/\/www.misjawswansea.org.uk\/index.php?rest_route=\/wp\/v2\/pages"}],"about":[{"href":"http:\/\/www.misjawswansea.org.uk\/index.php?rest_route=\/wp\/v2\/types\/page"}],"author":[{"embeddable":true,"href":"http:\/\/www.misjawswansea.org.uk\/index.php?rest_route=\/wp\/v2\/users\/4"}],"replies":[{"embeddable":true,"href":"http:\/\/www.misjawswansea.org.uk\/index.php?rest_route=%2Fwp%2Fv2%2Fcomments&post=1533"}],"version-history":[{"count":3,"href":"http:\/\/www.misjawswansea.org.uk\/index.php?rest_route=\/wp\/v2\/pages\/1533\/revisions"}],"predecessor-version":[{"id":1600,"href":"http:\/\/www.misjawswansea.org.uk\/index.php?rest_route=\/wp\/v2\/pages\/1533\/revisions\/1600"}],"wp:attachment":[{"href":"http:\/\/www.misjawswansea.org.uk\/index.php?rest_route=%2Fwp%2Fv2%2Fmedia&parent=1533"}],"curies":[{"name":"wp","href":"https:\/\/api.w.org\/{rel}","templated":true}]}}