{"id":1587,"date":"2024-03-05T19:58:15","date_gmt":"2024-03-05T19:58:15","guid":{"rendered":"http:\/\/www.misjawswansea.org.uk\/?page_id=1587"},"modified":"2024-04-04T10:29:14","modified_gmt":"2024-04-04T10:29:14","slug":"drugi-list-sw-pawla-apostola-do-koryntian","status":"publish","type":"page","link":"http:\/\/www.misjawswansea.org.uk\/?page_id=1587","title":{"rendered":"Drugi List do Koryntian"},"content":{"rendered":"\n<p>PYTANIA POMOCNICZE DO LEKTURY TEKSTU. PO PRZECZYTANIU ROZDZIA\u0141U LISTU SPR\u00d3BUJ ODPOWIEDZIE\u0106 Z PAMI\u0118CI NA PONI\u017bSZE PYTANIA. W RAZIE K\u0141OPOT\u00d3W ZAJRZYJ DO TEKSTU I PRZECZYTAJ JESZCZE RAZ, TYM RAZEM UWA\u017bNIEJ:<\/p>\n\n\n\n<h2 class=\"gb-headline gb-headline-bbb031e6 gb-headline-text\">Rozdzia\u0142 1:<\/h2>\n\n\n\n<ul class=\"wp-block-list\">\n<li>kto, obok paw\u0142a, jest autorem tego listu?<\/li>\n\n\n\n<li>wstaw brakuj\u0105ce s\u0142owa: &#8222;jak bowiem obfituj\u0105 w nas &#8230;&#8230;&#8230;&#8230;.. chrystusa, tak te\u017c wielkiej doznajemy przez chrystusa &#8230;&#8230;&#8230;&#8230;&#8230;.&#8221;.<\/li>\n\n\n\n<li>jak nazywa\u0142a si\u0119 prowincja rzymska, w kt\u00f3rej Pawe\u0142 z towarzyszami byli do\u015bwiadczani &#8222;do ostateczno\u015bci i ponad si\u0142y&#8221;?<\/li>\n\n\n\n<li>kto b\u0119dzie chlub\u0105 Paw\u0142a w dniu pa\u0144skim (dniu s\u0105du ostatecznego)?<\/li>\n\n\n\n<li>uzupe\u0142nij s\u0142owa, kt\u00f3rymi pawe\u0142 broni si\u0119 odpowiadaj\u0105c na zarzut chwiejno\u015bci i niezdecydowania: &#8222;w tym, co do was m\u00f3wi\u0119, nie ma r\u00f3wnocze\u015bnie &#8230;. i &#8230;.. &#8222;.<\/li>\n<\/ul>\n<div class = 'socialMediaOnEveryPost'>Zapraszamy do udost\u0119pniania!<div id=\"sgmbShare1-1\" class=\"sgmbShare jssocials-theme-minima sgmbWidget1-1\"><\/div><div class=\"dropdownWrapper dropdownWrapper1 dropdownWrapper-for-widget \" id=\"dropdownWrapper-for-widget\">\r\n\t\t\t\t\t\t<div class=\"dropdownLabel\" id=\"dropdownLabel-share-list\"><span class=\"sgmbButtonListLabel1\">Share List<\/span><\/div>\r\n\t\t\t\t\t\t<div class=\"dropdownPanel dropdownPanel1-1\">\r\n\t\t\t\t\t\t<\/div>\r\n\t\t\t\t\t<\/div><script>  SGMB_URL = \"http:\/\/www.misjawswansea.org.uk\/wp-content\/plugins\/social-media-builder\/\"; jQuery(\".dropdownWrapper\").hide(); SGMB_GOOGLE_ACOUNT = \"\"; <\/script><script type=\"text\/javascript\">\r\n\t\tjQuery(document).ready(function($){var widget = new SGMBWidget();widget.show({\"id\":\"1\",\"title\":\"Zapraszamy do udost\\u0119pniania!\",\"options\":{\"currentUrl\":\"1\",\"url\":\"\",\"shareText\":\"\",\"fontSize\":\"16\",\"betweenButtons\":\"1px\",\"theme\":\"classic\",\"sgmbButtonsPosition\":\"bottomCenter\",\"socialTheme\":\"minima\",\"icon\":\"cloud\",\"buttonsPanelEffect\":\"shake\",\"buttonsEffect\":\"flip\",\"iconsEffect\":\"flip\",\"buttons\":\"{\\\"facebook\\\":{\\\"label\\\":\\\"Share\\\",\\\"icon\\\":\\\"cloud-facebook\\\"},\\\"twitter\\\":{\\\"label\\\":\\\"Tweet\\\",\\\"icon\\\":\\\"cloud-twitter\\\",\\\"via\\\":\\\"\\\",\\\"hashtags\\\":\\\"\\\"},\\\"googleplus\\\":{\\\"label\\\":\\\"+1\\\",\\\"icon\\\":\\\"cloud-googleplus\\\"},\\\"email\\\":{\\\"label\\\":\\\"E-mail\\\",\\\"icon\\\":\\\"cloud-email\\\"}}\",\"roundButton\":\"\",\"showLabels\":\"on\",\"showCounts\":\"\",\"showCenter\":\"\",\"showButtonsAsList\":\"\",\"sgmbDropdownColor\":\"\",\"sgmbDropdownLabelFontSize\":\"14\",\"sgmbDropdownLabelColor\":\"\",\"showButtonsOnEveryPost\":\"on\",\"selectedOrExcluded\":\"\",\"showButtonsOnEveryPage\":\"\",\"textOnEveryPost\":\"Zapraszamy do udost\\u0119pniania!\",\"showButtonsOnCustomPost\":\"\",\"textOnCustomPost\":\"\",\"showButtonsOnMobileDirect\":\"on\",\"showButtonsOnDesktopDirect\":\"on\",\"sgmbSelectedPages\":[\"\"],\"sgmbExcludedPosts\":[\"\"],\"sgmbSelectedCustomPosts\":[],\"showButtonsInPopup\":\"\",\"titleOfPopup\":\"\",\"descriptionOfPopup\":\"\",\"showPopupOnLoad\":\"\",\"showPopupOnScroll\":\"\",\"showPopupOnExit\":\"\",\"openSecondsOfPopup\":\"\",\"googleAnaliticsAccount\":\"\"},\"buttonOptions\":{\"facebook\":{\"label\":\"Share\",\"icon\":\"cloud-facebook\"},\"twitter\":{\"label\":\"Tweet\",\"icon\":\"cloud-twitter\",\"via\":\"\",\"hashtags\":\"\"},\"googleplus\":{\"label\":\"+1\",\"icon\":\"cloud-googleplus\"},\"email\":{\"label\":\"E-mail\",\"icon\":\"cloud-email\"}},\"button\":[\"facebook\",\"twitter\",\"googleplus\",\"email\"]}, 1, '', 'http:\/\/www.misjawswansea.org.uk\/wp-content\/plugins\/social-media-builder\/\/img\/no-image.png', '', 'http:\/\/www.misjawswansea.org.uk\/?page_id=1587'); });<\/script><\/div><script> jQuery(\".socialMediaOnEveryPost\").addClass(\"sgmb-center\") <\/script>","protected":false},"excerpt":{"rendered":"<p>PYTANIA POMOCNICZE DO LEKTURY TEKSTU. PO PRZECZYTANIU ROZDZIA\u0141U LISTU SPR\u00d3BUJ ODPOWIEDZIE\u0106 Z PAMI\u0118CI NA PONI\u017bSZE PYTANIA. W RAZIE K\u0141OPOT\u00d3W ZAJRZYJ DO TEKSTU I PRZECZYTAJ JESZCZE RAZ, TYM RAZEM UWA\u017bNIEJ: Rozdzia\u0142 1: Zapraszamy do udost\u0119pniania! Share List<\/p>\n","protected":false},"author":4,"featured_media":0,"parent":0,"menu_order":0,"comment_status":"closed","ping_status":"closed","template":"","meta":{"neve_meta_sidebar":"","neve_meta_container":"","neve_meta_enable_content_width":"","neve_meta_content_width":0,"neve_meta_title_alignment":"","neve_meta_author_avatar":"","neve_post_elements_order":"","neve_meta_disable_header":"","neve_meta_disable_footer":"","neve_meta_disable_title":"","footnotes":""},"class_list":["post-1587","page","type-page","status-publish","hentry"],"_links":{"self":[{"href":"http:\/\/www.misjawswansea.org.uk\/index.php?rest_route=\/wp\/v2\/pages\/1587","targetHints":{"allow":["GET"]}}],"collection":[{"href":"http:\/\/www.misjawswansea.org.uk\/index.php?rest_route=\/wp\/v2\/pages"}],"about":[{"href":"http:\/\/www.misjawswansea.org.uk\/index.php?rest_route=\/wp\/v2\/types\/page"}],"author":[{"embeddable":true,"href":"http:\/\/www.misjawswansea.org.uk\/index.php?rest_route=\/wp\/v2\/users\/4"}],"replies":[{"embeddable":true,"href":"http:\/\/www.misjawswansea.org.uk\/index.php?rest_route=%2Fwp%2Fv2%2Fcomments&post=1587"}],"version-history":[{"count":3,"href":"http:\/\/www.misjawswansea.org.uk\/index.php?rest_route=\/wp\/v2\/pages\/1587\/revisions"}],"predecessor-version":[{"id":1606,"href":"http:\/\/www.misjawswansea.org.uk\/index.php?rest_route=\/wp\/v2\/pages\/1587\/revisions\/1606"}],"wp:attachment":[{"href":"http:\/\/www.misjawswansea.org.uk\/index.php?rest_route=%2Fwp%2Fv2%2Fmedia&parent=1587"}],"curies":[{"name":"wp","href":"https:\/\/api.w.org\/{rel}","templated":true}]}}