{"id":798,"date":"2022-10-12T19:23:07","date_gmt":"2022-10-12T19:23:07","guid":{"rendered":"http:\/\/www.misjawswansea.org.uk\/?page_id=798"},"modified":"2023-09-16T14:10:50","modified_gmt":"2023-09-16T14:10:50","slug":"pierwsza-komunia","status":"publish","type":"page","link":"http:\/\/www.misjawswansea.org.uk\/?page_id=798","title":{"rendered":"Pierwsza Komunia"},"content":{"rendered":"<div class=\"gb-container gb-container-0e1a0271\"><div class=\"gb-inside-container\">\n\n<pre class=\"wp-block-preformatted has-medium-font-size\"><strong>UROCZYSTO\u015a\u0106 PIERWSZEJ KOMUNII \u015aWI\u0118TEJ ODB\u0118DZIE SI\u0118 W NIEDZIEL\u0118 19 MAJA 2024 ROKU (ZEs\u0142anie ducha \u015awi\u0119tego) O GODZ. 14:00 W KO\u015aCIELE W briton ferry.<\/strong>\n\n<strong>Zaj\u0119cia przygotowuj\u0105ce do Komunii odbywaj\u0105 si\u0119 w SoBOTY o Godz. 16:30 w Hallu (lub w ko\u015bciele) w briton ferry i ka\u017cdorazowo trwaj\u0105 ok. 45 minut.<\/strong><\/pre>\n\n\n\n<div class=\"wp-block-columns is-layout-flex wp-container-core-columns-is-layout-9d6595d7 wp-block-columns-is-layout-flex\">\n<div class=\"wp-block-column is-layout-flow wp-block-column-is-layout-flow\">\n<h2 class=\"gb-headline gb-headline-196e639c gb-headline-text\"><strong>Terminarz zaj\u0119\u0107:<\/strong><\/h2>\n\n\n\n<ul class=\"wp-block-list\">\n<li>16, 23, 30 wrze\u015bnia<\/li>\n\n\n\n<li>7, 14, 21 PA\u0179DZIERNIKA<\/li>\n\n\n\n<li>11, 18, 25 LISTOPADA<\/li>\n\n\n\n<li>2, 9, 16 GRUDNIA<\/li>\n\n\n\n<li>13, 20, 27 STYCZNIA<\/li>\n\n\n\n<li>3, 24 LUTEGO<\/li>\n\n\n\n<li>2, 9, 16 MARCA<\/li>\n\n\n\n<li>13, 27 KWIETNIA<\/li>\n\n\n\n<li>4, 11 MAJA<\/li>\n<\/ul>\n<\/div>\n\n\n\n<div class=\"wp-block-column is-layout-flow wp-block-column-is-layout-flow\">\n<h2 class=\"gb-headline gb-headline-c63f6f4f gb-headline-text\">Wydarzenia:<\/h2>\n\n\n\n<ul class=\"wp-block-list\">\n<li>30 wrze\u015bnia &#8211; koniec zapis\u00f3w<\/li>\n\n\n\n<li>7 pa\u017adziernika &#8211; wr\u0119czenie i po\u015bwi\u0119cenie r\u00f3\u017ca\u0144c\u00f3w<\/li>\n\n\n\n<li>9 grudnia &#8211; wr\u0119czenie i po\u015bwi\u0119cenie medalik\u00f3w<\/li>\n\n\n\n<li>24 lutego &#8211; wr\u0119czenie i po\u015bwi\u0119cenie ksi\u0105\u017ceczek do nabo\u017ce\u0144stwa<\/li>\n\n\n\n<li>16 marca &#8211; pierwsza spowied\u017a<\/li>\n\n\n\n<li>13 kwietnia &#8211; druga spowied\u017a<\/li>\n\n\n\n<li>4,11 maja &#8211; PR\u00d3By przed pierwsz\u0105 Komuni\u0105<\/li>\n\n\n\n<li>11 maja &#8211; (TRZECIA) spowied\u017a przed pierwsz\u0105 Komuni\u0105<\/li>\n<\/ul>\n<\/div>\n<\/div>\n\n\n\n<div class=\"wp-block-columns is-layout-flex wp-container-core-columns-is-layout-9d6595d7 wp-block-columns-is-layout-flex\">\n<div class=\"wp-block-column is-layout-flow wp-block-column-is-layout-flow\">\n<h2 class=\"gb-headline gb-headline-7a16dfa4 gb-headline-text\"><strong>Wymagania:<\/strong><\/h2>\n\n\n\n<ul class=\"wp-block-list\">\n<li>OBECNO\u015a\u0106 NA MSZACH \u015aWI\u0118TYCH W KA\u017bD\u0104 NIEDZIEL\u0118 (PODPIS W DZIENNICZKU)<\/li>\n\n\n\n<li>OBECNO\u015a\u0106 NA ZAJ\u0118CIACH (max. 5 nieobecno\u015bci)<\/li>\n\n\n\n<li>ZALICZENIE MODLITW Z PODR\u0118CZNIKA I ZDANIE EGZAMINU<\/li>\n\n\n\n<li>DOSTARCZENIE METRYKI CHRZTU<\/li>\n\n\n\n<li>ZAPISANIE SI\u0118 DO PARAFII<\/li>\n<\/ul>\n<\/div>\n\n\n\n<div class=\"wp-block-column is-layout-flow wp-block-column-is-layout-flow\"><\/div>\n<\/div>\n\n<\/div><\/div><div class = 'socialMediaOnEveryPost'>Zapraszamy do udost\u0119pniania!<div id=\"sgmbShare1-1\" class=\"sgmbShare jssocials-theme-minima sgmbWidget1-1\"><\/div><div class=\"dropdownWrapper dropdownWrapper1 dropdownWrapper-for-widget \" id=\"dropdownWrapper-for-widget\">\r\n\t\t\t\t\t\t<div class=\"dropdownLabel\" id=\"dropdownLabel-share-list\"><span class=\"sgmbButtonListLabel1\">Share List<\/span><\/div>\r\n\t\t\t\t\t\t<div class=\"dropdownPanel dropdownPanel1-1\">\r\n\t\t\t\t\t\t<\/div>\r\n\t\t\t\t\t<\/div><script>  SGMB_URL = \"http:\/\/www.misjawswansea.org.uk\/wp-content\/plugins\/social-media-builder\/\"; jQuery(\".dropdownWrapper\").hide(); SGMB_GOOGLE_ACOUNT = \"\"; <\/script><script type=\"text\/javascript\">\r\n\t\tjQuery(document).ready(function($){var widget = new SGMBWidget();widget.show({\"id\":\"1\",\"title\":\"Zapraszamy do udost\\u0119pniania!\",\"options\":{\"currentUrl\":\"1\",\"url\":\"\",\"shareText\":\"\",\"fontSize\":\"16\",\"betweenButtons\":\"1px\",\"theme\":\"classic\",\"sgmbButtonsPosition\":\"bottomCenter\",\"socialTheme\":\"minima\",\"icon\":\"cloud\",\"buttonsPanelEffect\":\"shake\",\"buttonsEffect\":\"flip\",\"iconsEffect\":\"flip\",\"buttons\":\"{\\\"facebook\\\":{\\\"label\\\":\\\"Share\\\",\\\"icon\\\":\\\"cloud-facebook\\\"},\\\"twitter\\\":{\\\"label\\\":\\\"Tweet\\\",\\\"icon\\\":\\\"cloud-twitter\\\",\\\"via\\\":\\\"\\\",\\\"hashtags\\\":\\\"\\\"},\\\"googleplus\\\":{\\\"label\\\":\\\"+1\\\",\\\"icon\\\":\\\"cloud-googleplus\\\"},\\\"email\\\":{\\\"label\\\":\\\"E-mail\\\",\\\"icon\\\":\\\"cloud-email\\\"}}\",\"roundButton\":\"\",\"showLabels\":\"on\",\"showCounts\":\"\",\"showCenter\":\"\",\"showButtonsAsList\":\"\",\"sgmbDropdownColor\":\"\",\"sgmbDropdownLabelFontSize\":\"14\",\"sgmbDropdownLabelColor\":\"\",\"showButtonsOnEveryPost\":\"on\",\"selectedOrExcluded\":\"\",\"showButtonsOnEveryPage\":\"\",\"textOnEveryPost\":\"Zapraszamy do udost\\u0119pniania!\",\"showButtonsOnCustomPost\":\"\",\"textOnCustomPost\":\"\",\"showButtonsOnMobileDirect\":\"on\",\"showButtonsOnDesktopDirect\":\"on\",\"sgmbSelectedPages\":[\"\"],\"sgmbExcludedPosts\":[\"\"],\"sgmbSelectedCustomPosts\":[],\"showButtonsInPopup\":\"\",\"titleOfPopup\":\"\",\"descriptionOfPopup\":\"\",\"showPopupOnLoad\":\"\",\"showPopupOnScroll\":\"\",\"showPopupOnExit\":\"\",\"openSecondsOfPopup\":\"\",\"googleAnaliticsAccount\":\"\"},\"buttonOptions\":{\"facebook\":{\"label\":\"Share\",\"icon\":\"cloud-facebook\"},\"twitter\":{\"label\":\"Tweet\",\"icon\":\"cloud-twitter\",\"via\":\"\",\"hashtags\":\"\"},\"googleplus\":{\"label\":\"+1\",\"icon\":\"cloud-googleplus\"},\"email\":{\"label\":\"E-mail\",\"icon\":\"cloud-email\"}},\"button\":[\"facebook\",\"twitter\",\"googleplus\",\"email\"]}, 1, '', 'http:\/\/www.misjawswansea.org.uk\/wp-content\/plugins\/social-media-builder\/\/img\/no-image.png', '', 'http:\/\/www.misjawswansea.org.uk\/?page_id=798'); });<\/script><\/div><script> jQuery(\".socialMediaOnEveryPost\").addClass(\"sgmb-center\") <\/script>","protected":false},"excerpt":{"rendered":"<p>UROCZYSTO\u015a\u0106 PIERWSZEJ KOMUNII \u015aWI\u0118TEJ ODB\u0118DZIE SI\u0118 W NIEDZIEL\u0118 19 MAJA 2024 ROKU (ZEs\u0142anie ducha \u015awi\u0119tego) O GODZ. 14:00 W KO\u015aCIELE W briton ferry. Zaj\u0119cia przygotowuj\u0105ce do Komunii odbywaj\u0105 si\u0119 w SoBOTY o Godz. 16:30 w Hallu (lub w ko\u015bciele) w briton ferry i ka\u017cdorazowo trwaj\u0105 ok. 45 minut. Terminarz zaj\u0119\u0107: Wydarzenia: Wymagania: Zapraszamy do udost\u0119pniania!&hellip;&nbsp;<a href=\"http:\/\/www.misjawswansea.org.uk\/?page_id=798\" rel=\"bookmark\">Dowiedz si\u0119 wi\u0119cej &raquo;<span class=\"screen-reader-text\">Pierwsza Komunia<\/span><\/a><\/p>\n","protected":false},"author":4,"featured_media":0,"parent":0,"menu_order":0,"comment_status":"closed","ping_status":"closed","template":"","meta":{"neve_meta_sidebar":"","neve_meta_container":"","neve_meta_enable_content_width":"","neve_meta_content_width":0,"neve_meta_title_alignment":"","neve_meta_author_avatar":"","neve_post_elements_order":"","neve_meta_disable_header":"","neve_meta_disable_footer":"","neve_meta_disable_title":"","footnotes":""},"class_list":["post-798","page","type-page","status-publish","hentry"],"_links":{"self":[{"href":"http:\/\/www.misjawswansea.org.uk\/index.php?rest_route=\/wp\/v2\/pages\/798","targetHints":{"allow":["GET"]}}],"collection":[{"href":"http:\/\/www.misjawswansea.org.uk\/index.php?rest_route=\/wp\/v2\/pages"}],"about":[{"href":"http:\/\/www.misjawswansea.org.uk\/index.php?rest_route=\/wp\/v2\/types\/page"}],"author":[{"embeddable":true,"href":"http:\/\/www.misjawswansea.org.uk\/index.php?rest_route=\/wp\/v2\/users\/4"}],"replies":[{"embeddable":true,"href":"http:\/\/www.misjawswansea.org.uk\/index.php?rest_route=%2Fwp%2Fv2%2Fcomments&post=798"}],"version-history":[{"count":28,"href":"http:\/\/www.misjawswansea.org.uk\/index.php?rest_route=\/wp\/v2\/pages\/798\/revisions"}],"predecessor-version":[{"id":1295,"href":"http:\/\/www.misjawswansea.org.uk\/index.php?rest_route=\/wp\/v2\/pages\/798\/revisions\/1295"}],"wp:attachment":[{"href":"http:\/\/www.misjawswansea.org.uk\/index.php?rest_route=%2Fwp%2Fv2%2Fmedia&parent=798"}],"curies":[{"name":"wp","href":"https:\/\/api.w.org\/{rel}","templated":true}]}}