{"id":802,"date":"2022-10-12T19:26:47","date_gmt":"2022-10-12T19:26:47","guid":{"rendered":"http:\/\/www.misjawswansea.org.uk\/?page_id=802"},"modified":"2022-10-21T21:24:43","modified_gmt":"2022-10-21T21:24:43","slug":"zywy-rozaniec","status":"publish","type":"page","link":"http:\/\/www.misjawswansea.org.uk\/?page_id=802","title":{"rendered":"\u017bywy R\u00f3\u017caniec"},"content":{"rendered":"\n<pre class=\"wp-block-preformatted has-medium-font-size\">PARAFIALNA Wsp\u00f3lnota \u017bywego R\u00f3\u017ca\u0144ca powsta\u0142a w dniu 1 pa\u017adziernika 2022 r.  i obecnie  nale\u017cy do niej 18 os\u00f3b. W naszej parafii na r\u00f3\u017ca\u0144cu modla si\u0119 kobiety, m\u0119\u017cczy\u017ani a nawet i dzieci. Ci\u0105gle czekamy na ch\u0119tnych, kt\u00f3rzy chcieliby w\u0142\u0105czy\u0107 si\u0119 w to dzie\u0142o.\n\nCz\u0142onkowie \u017bywego R\u00f3\u017ca\u0144ca tworz\u0105 jedyn\u0105 w swoim rodzaju wsp\u00f3lnot\u0119 - nie tylko odmawiaj\u0105 R\u00f3\u017caniec - ale s\u0105 \u201e\u017cywym r\u00f3\u017ca\u0144cem\u201d bo ka\u017cda z dwudziestu os\u00f3b stanowi jego \u017cyw\u0105 cz\u0105stk\u0119.\nCz\u0142onek \u017bywego R\u00f3\u017ca\u0144ca przez ca\u0142y miesi\u0105c odmawia wskazany mu dziesi\u0105tek r\u00f3\u017ca\u0144cana. Dzi\u0119ki sta\u0142ej i \u201eskomasowanej\u201d modlitwie \u017bywy R\u00f3\u017caniec jest niezwykle silnym or\u0119\u017cem na drodze naszego wewn\u0119trznego doskonalenia, jest g\u0142o\u015bnym i skutecznym wo\u0142aniem w r\u00f3\u017cnych potrzebach, kt\u00f3re za po\u015brednictwem Matki Bo\u017cej zanosimy do Jej Syna.\n\nCo miesi\u0105c tajemnice zmieniamy przesuwaj\u0105c si\u0119 o jedn\u0105 do przodu , modlimy si\u0119 w intencjach Apostolstwa Modlitwy (podawanych przez Ojca \u015bw.) oraz o dzie\u0142o budowy Kosciola i za jego darczy\u0144c\u00f3w. \nNaszym patronem jest B\u0142ogos\u0142awiona Paulina Jaricot, kt\u00f3ra w tym roku zosta\u0142a beatyfikowana, a kt\u00f3ra jest za\u0142o\u017cycielk\u0105 \u017bywego R\u00f3\u017ca\u0144ca.\n\nJe\u015bli zapragn\u0105\u0142e\u015b przy\u0142\u0105czy\u0107 si\u0119 do nas, zg\u0142o\u015b si\u0119: \nZOFIA PARYLAK\nKatarzyna Hikary +44 7592-751-553 kasiahikary@hotmail.com\nGosia Male\u0144ka +44 7938 603758 Gosia.Malenka@south-wales.police.uk<\/pre>\n<div class = 'socialMediaOnEveryPost'>Zapraszamy do udost\u0119pniania!<div id=\"sgmbShare1-1\" class=\"sgmbShare jssocials-theme-minima sgmbWidget1-1\"><\/div><div class=\"dropdownWrapper dropdownWrapper1 dropdownWrapper-for-widget \" id=\"dropdownWrapper-for-widget\">\r\n\t\t\t\t\t\t<div class=\"dropdownLabel\" id=\"dropdownLabel-share-list\"><span class=\"sgmbButtonListLabel1\">Share List<\/span><\/div>\r\n\t\t\t\t\t\t<div class=\"dropdownPanel dropdownPanel1-1\">\r\n\t\t\t\t\t\t<\/div>\r\n\t\t\t\t\t<\/div><script>  SGMB_URL = \"http:\/\/www.misjawswansea.org.uk\/wp-content\/plugins\/social-media-builder\/\"; jQuery(\".dropdownWrapper\").hide(); SGMB_GOOGLE_ACOUNT = \"\"; <\/script><script type=\"text\/javascript\">\r\n\t\tjQuery(document).ready(function($){var widget = new SGMBWidget();widget.show({\"id\":\"1\",\"title\":\"Zapraszamy do udost\\u0119pniania!\",\"options\":{\"currentUrl\":\"1\",\"url\":\"\",\"shareText\":\"\",\"fontSize\":\"16\",\"betweenButtons\":\"1px\",\"theme\":\"classic\",\"sgmbButtonsPosition\":\"bottomCenter\",\"socialTheme\":\"minima\",\"icon\":\"cloud\",\"buttonsPanelEffect\":\"shake\",\"buttonsEffect\":\"flip\",\"iconsEffect\":\"flip\",\"buttons\":\"{\\\"facebook\\\":{\\\"label\\\":\\\"Share\\\",\\\"icon\\\":\\\"cloud-facebook\\\"},\\\"twitter\\\":{\\\"label\\\":\\\"Tweet\\\",\\\"icon\\\":\\\"cloud-twitter\\\",\\\"via\\\":\\\"\\\",\\\"hashtags\\\":\\\"\\\"},\\\"googleplus\\\":{\\\"label\\\":\\\"+1\\\",\\\"icon\\\":\\\"cloud-googleplus\\\"},\\\"email\\\":{\\\"label\\\":\\\"E-mail\\\",\\\"icon\\\":\\\"cloud-email\\\"}}\",\"roundButton\":\"\",\"showLabels\":\"on\",\"showCounts\":\"\",\"showCenter\":\"\",\"showButtonsAsList\":\"\",\"sgmbDropdownColor\":\"\",\"sgmbDropdownLabelFontSize\":\"14\",\"sgmbDropdownLabelColor\":\"\",\"showButtonsOnEveryPost\":\"on\",\"selectedOrExcluded\":\"\",\"showButtonsOnEveryPage\":\"\",\"textOnEveryPost\":\"Zapraszamy do udost\\u0119pniania!\",\"showButtonsOnCustomPost\":\"\",\"textOnCustomPost\":\"\",\"showButtonsOnMobileDirect\":\"on\",\"showButtonsOnDesktopDirect\":\"on\",\"sgmbSelectedPages\":[\"\"],\"sgmbExcludedPosts\":[\"\"],\"sgmbSelectedCustomPosts\":[],\"showButtonsInPopup\":\"\",\"titleOfPopup\":\"\",\"descriptionOfPopup\":\"\",\"showPopupOnLoad\":\"\",\"showPopupOnScroll\":\"\",\"showPopupOnExit\":\"\",\"openSecondsOfPopup\":\"\",\"googleAnaliticsAccount\":\"\"},\"buttonOptions\":{\"facebook\":{\"label\":\"Share\",\"icon\":\"cloud-facebook\"},\"twitter\":{\"label\":\"Tweet\",\"icon\":\"cloud-twitter\",\"via\":\"\",\"hashtags\":\"\"},\"googleplus\":{\"label\":\"+1\",\"icon\":\"cloud-googleplus\"},\"email\":{\"label\":\"E-mail\",\"icon\":\"cloud-email\"}},\"button\":[\"facebook\",\"twitter\",\"googleplus\",\"email\"]}, 1, '', 'http:\/\/www.misjawswansea.org.uk\/wp-content\/plugins\/social-media-builder\/\/img\/no-image.png', '', 'http:\/\/www.misjawswansea.org.uk\/?page_id=802'); });<\/script><\/div><script> jQuery(\".socialMediaOnEveryPost\").addClass(\"sgmb-center\") <\/script>","protected":false},"excerpt":{"rendered":"<p>PARAFIALNA Wsp\u00f3lnota \u017bywego R\u00f3\u017ca\u0144ca powsta\u0142a w dniu 1 pa\u017adziernika 2022 r. i obecnie nale\u017cy do niej 18 os\u00f3b. W naszej parafii na r\u00f3\u017ca\u0144cu modla si\u0119 kobiety, m\u0119\u017cczy\u017ani a nawet i dzieci. Ci\u0105gle czekamy na ch\u0119tnych, kt\u00f3rzy chcieliby w\u0142\u0105czy\u0107 si\u0119 w to dzie\u0142o. Cz\u0142onkowie \u017bywego R\u00f3\u017ca\u0144ca tworz\u0105 jedyn\u0105 w swoim rodzaju wsp\u00f3lnot\u0119 &#8211; nie tylko odmawiaj\u0105&hellip;&nbsp;<a href=\"http:\/\/www.misjawswansea.org.uk\/?page_id=802\" rel=\"bookmark\">Dowiedz si\u0119 wi\u0119cej &raquo;<span class=\"screen-reader-text\">\u017bywy R\u00f3\u017caniec<\/span><\/a><\/p>\n","protected":false},"author":4,"featured_media":0,"parent":0,"menu_order":0,"comment_status":"closed","ping_status":"closed","template":"","meta":{"neve_meta_sidebar":"","neve_meta_container":"","neve_meta_enable_content_width":"","neve_meta_content_width":0,"neve_meta_title_alignment":"","neve_meta_author_avatar":"","neve_post_elements_order":"","neve_meta_disable_header":"","neve_meta_disable_footer":"","neve_meta_disable_title":"","footnotes":""},"class_list":["post-802","page","type-page","status-publish","hentry"],"_links":{"self":[{"href":"http:\/\/www.misjawswansea.org.uk\/index.php?rest_route=\/wp\/v2\/pages\/802","targetHints":{"allow":["GET"]}}],"collection":[{"href":"http:\/\/www.misjawswansea.org.uk\/index.php?rest_route=\/wp\/v2\/pages"}],"about":[{"href":"http:\/\/www.misjawswansea.org.uk\/index.php?rest_route=\/wp\/v2\/types\/page"}],"author":[{"embeddable":true,"href":"http:\/\/www.misjawswansea.org.uk\/index.php?rest_route=\/wp\/v2\/users\/4"}],"replies":[{"embeddable":true,"href":"http:\/\/www.misjawswansea.org.uk\/index.php?rest_route=%2Fwp%2Fv2%2Fcomments&post=802"}],"version-history":[{"count":4,"href":"http:\/\/www.misjawswansea.org.uk\/index.php?rest_route=\/wp\/v2\/pages\/802\/revisions"}],"predecessor-version":[{"id":1006,"href":"http:\/\/www.misjawswansea.org.uk\/index.php?rest_route=\/wp\/v2\/pages\/802\/revisions\/1006"}],"wp:attachment":[{"href":"http:\/\/www.misjawswansea.org.uk\/index.php?rest_route=%2Fwp%2Fv2%2Fmedia&parent=802"}],"curies":[{"name":"wp","href":"https:\/\/api.w.org\/{rel}","templated":true}]}}