{"id":866,"date":"2022-10-13T22:21:40","date_gmt":"2022-10-13T22:21:40","guid":{"rendered":"http:\/\/www.misjawswansea.org.uk\/?page_id=866"},"modified":"2022-10-14T00:18:15","modified_gmt":"2022-10-14T00:18:15","slug":"kancelaria","status":"publish","type":"page","link":"http:\/\/www.misjawswansea.org.uk\/?page_id=866","title":{"rendered":"Kancelaria"},"content":{"rendered":"\n<pre class=\"wp-block-preformatted has-medium-font-size\"><strong>Inaczej ni\u017c w polsce, \u017ceby nale\u017ce\u0107 do polskiej parafii trzeba wype\u0142ni\u0107 pisemn\u0105 <a href=\"http:\/\/www.misjawswansea.org.uk\/?page_id=874\" data-type=\"page\" data-id=\"874\">deklaracj\u0119<\/a>. polski ksi\u0105dz mo\u017ce udzieli\u0107 sakrament\u00f3w albo wystawi\u0107 za\u015bwiadczenie wy\u0142\u0105cznie osobie zapisanej do jego parafii. <\/strong><\/pre>\n<div class = 'socialMediaOnEveryPost'>Zapraszamy do udost\u0119pniania!<div id=\"sgmbShare1-1\" class=\"sgmbShare jssocials-theme-minima sgmbWidget1-1\"><\/div><div class=\"dropdownWrapper dropdownWrapper1 dropdownWrapper-for-widget \" id=\"dropdownWrapper-for-widget\">\r\n\t\t\t\t\t\t<div class=\"dropdownLabel\" id=\"dropdownLabel-share-list\"><span class=\"sgmbButtonListLabel1\">Share List<\/span><\/div>\r\n\t\t\t\t\t\t<div class=\"dropdownPanel dropdownPanel1-1\">\r\n\t\t\t\t\t\t<\/div>\r\n\t\t\t\t\t<\/div><script>  SGMB_URL = \"http:\/\/www.misjawswansea.org.uk\/wp-content\/plugins\/social-media-builder\/\"; jQuery(\".dropdownWrapper\").hide(); SGMB_GOOGLE_ACOUNT = \"\"; <\/script><script type=\"text\/javascript\">\r\n\t\tjQuery(document).ready(function($){var widget = new SGMBWidget();widget.show({\"id\":\"1\",\"title\":\"Zapraszamy do udost\\u0119pniania!\",\"options\":{\"currentUrl\":\"1\",\"url\":\"\",\"shareText\":\"\",\"fontSize\":\"16\",\"betweenButtons\":\"1px\",\"theme\":\"classic\",\"sgmbButtonsPosition\":\"bottomCenter\",\"socialTheme\":\"minima\",\"icon\":\"cloud\",\"buttonsPanelEffect\":\"shake\",\"buttonsEffect\":\"flip\",\"iconsEffect\":\"flip\",\"buttons\":\"{\\\"facebook\\\":{\\\"label\\\":\\\"Share\\\",\\\"icon\\\":\\\"cloud-facebook\\\"},\\\"twitter\\\":{\\\"label\\\":\\\"Tweet\\\",\\\"icon\\\":\\\"cloud-twitter\\\",\\\"via\\\":\\\"\\\",\\\"hashtags\\\":\\\"\\\"},\\\"googleplus\\\":{\\\"label\\\":\\\"+1\\\",\\\"icon\\\":\\\"cloud-googleplus\\\"},\\\"email\\\":{\\\"label\\\":\\\"E-mail\\\",\\\"icon\\\":\\\"cloud-email\\\"}}\",\"roundButton\":\"\",\"showLabels\":\"on\",\"showCounts\":\"\",\"showCenter\":\"\",\"showButtonsAsList\":\"\",\"sgmbDropdownColor\":\"\",\"sgmbDropdownLabelFontSize\":\"14\",\"sgmbDropdownLabelColor\":\"\",\"showButtonsOnEveryPost\":\"on\",\"selectedOrExcluded\":\"\",\"showButtonsOnEveryPage\":\"\",\"textOnEveryPost\":\"Zapraszamy do udost\\u0119pniania!\",\"showButtonsOnCustomPost\":\"\",\"textOnCustomPost\":\"\",\"showButtonsOnMobileDirect\":\"on\",\"showButtonsOnDesktopDirect\":\"on\",\"sgmbSelectedPages\":[\"\"],\"sgmbExcludedPosts\":[\"\"],\"sgmbSelectedCustomPosts\":[],\"showButtonsInPopup\":\"\",\"titleOfPopup\":\"\",\"descriptionOfPopup\":\"\",\"showPopupOnLoad\":\"\",\"showPopupOnScroll\":\"\",\"showPopupOnExit\":\"\",\"openSecondsOfPopup\":\"\",\"googleAnaliticsAccount\":\"\"},\"buttonOptions\":{\"facebook\":{\"label\":\"Share\",\"icon\":\"cloud-facebook\"},\"twitter\":{\"label\":\"Tweet\",\"icon\":\"cloud-twitter\",\"via\":\"\",\"hashtags\":\"\"},\"googleplus\":{\"label\":\"+1\",\"icon\":\"cloud-googleplus\"},\"email\":{\"label\":\"E-mail\",\"icon\":\"cloud-email\"}},\"button\":[\"facebook\",\"twitter\",\"googleplus\",\"email\"]}, 1, '', 'http:\/\/www.misjawswansea.org.uk\/wp-content\/plugins\/social-media-builder\/\/img\/no-image.png', '', 'http:\/\/www.misjawswansea.org.uk\/?page_id=866'); });<\/script><\/div><script> jQuery(\".socialMediaOnEveryPost\").addClass(\"sgmb-center\") <\/script>","protected":false},"excerpt":{"rendered":"<p>Inaczej ni\u017c w polsce, \u017ceby nale\u017ce\u0107 do polskiej parafii trzeba wype\u0142ni\u0107 pisemn\u0105 deklaracj\u0119. polski ksi\u0105dz mo\u017ce udzieli\u0107 sakrament\u00f3w albo wystawi\u0107 za\u015bwiadczenie wy\u0142\u0105cznie osobie zapisanej do jego parafii. Zapraszamy do udost\u0119pniania! Share List<\/p>\n","protected":false},"author":4,"featured_media":0,"parent":0,"menu_order":0,"comment_status":"closed","ping_status":"closed","template":"","meta":{"neve_meta_sidebar":"","neve_meta_container":"","neve_meta_enable_content_width":"","neve_meta_content_width":0,"neve_meta_title_alignment":"","neve_meta_author_avatar":"","neve_post_elements_order":"","neve_meta_disable_header":"","neve_meta_disable_footer":"","neve_meta_disable_title":"","footnotes":""},"class_list":["post-866","page","type-page","status-publish","hentry"],"_links":{"self":[{"href":"http:\/\/www.misjawswansea.org.uk\/index.php?rest_route=\/wp\/v2\/pages\/866","targetHints":{"allow":["GET"]}}],"collection":[{"href":"http:\/\/www.misjawswansea.org.uk\/index.php?rest_route=\/wp\/v2\/pages"}],"about":[{"href":"http:\/\/www.misjawswansea.org.uk\/index.php?rest_route=\/wp\/v2\/types\/page"}],"author":[{"embeddable":true,"href":"http:\/\/www.misjawswansea.org.uk\/index.php?rest_route=\/wp\/v2\/users\/4"}],"replies":[{"embeddable":true,"href":"http:\/\/www.misjawswansea.org.uk\/index.php?rest_route=%2Fwp%2Fv2%2Fcomments&post=866"}],"version-history":[{"count":3,"href":"http:\/\/www.misjawswansea.org.uk\/index.php?rest_route=\/wp\/v2\/pages\/866\/revisions"}],"predecessor-version":[{"id":878,"href":"http:\/\/www.misjawswansea.org.uk\/index.php?rest_route=\/wp\/v2\/pages\/866\/revisions\/878"}],"wp:attachment":[{"href":"http:\/\/www.misjawswansea.org.uk\/index.php?rest_route=%2Fwp%2Fv2%2Fmedia&parent=866"}],"curies":[{"name":"wp","href":"https:\/\/api.w.org\/{rel}","templated":true}]}}