{"id":890,"date":"2022-10-14T21:21:03","date_gmt":"2022-10-14T21:21:03","guid":{"rendered":"http:\/\/www.misjawswansea.org.uk\/?page_id=890"},"modified":"2022-10-15T07:39:42","modified_gmt":"2022-10-15T07:39:42","slug":"gift-aid","status":"publish","type":"page","link":"http:\/\/www.misjawswansea.org.uk\/?page_id=890","title":{"rendered":"GIFT AID"},"content":{"rendered":"\n<pre class=\"wp-block-preformatted has-medium-font-size\"><strong>Ofiary na parafi\u0119 zwykle wrzuca si\u0119 na tac\u0119 lub wysy\u0142a przelewem na <a href=\"http:\/\/www.misjawswansea.org.uk\/?page_id=916\" data-type=\"page\" data-id=\"916\">konto<\/a>. <\/strong>\n<strong>daj\u0105c dok\u0142adnie tyle samo pieni\u0119dzy mo\u017cna da\u0107 wi\u0119cej, je\u015bli si\u0119 to zrobi przez tzw. gift aid.<\/strong><\/pre>\n\n\n<div class=\"gb-container gb-container-3d51dcea\"><div class=\"gb-inside-container\">\n\n<h2 class=\"gb-headline gb-headline-a62e9d42 gb-headline-text\">Co to jest?<\/h2>\n\n\n\n<pre class=\"wp-block-preformatted\">To spos\u00f3b wsparcia ze swojego podatku dochodowego organizacji charytatywnej, np. ko\u015bcio\u0142a.<\/pre>\n\n\n\n<h2 class=\"gb-headline gb-headline-e74d5100 gb-headline-text\">Jak to dzia\u0142a?<\/h2>\n\n\n\n<pre class=\"wp-block-preformatted\">DO KA\u017bDEGO \u00a31 z\u0142o\u017conego na tac\u0119 PA\u0143STWO DOK\u0141ADA 25P I PARAFIA DOSTAJE \u00a31.25. \nTo samo dotyczy ofiar z\u0142o\u017conych przelewem na konto parafii.<\/pre>\n\n\n\n<h2 class=\"gb-headline gb-headline-94bec11c gb-headline-text\">Sk\u0105d si\u0119 bior\u0105 te pieni\u0105dze?<\/h2>\n\n\n\n<pre class=\"wp-block-preformatted\">Z podatku dochodowego (Income Tax), kt\u00f3ry w UK ofiarodawca zap\u0142aci\u0142 np. od dochodu z pracy, od emerytury itp.<\/pre>\n\n\n\n<h2 class=\"gb-headline gb-headline-613a068e gb-headline-text\">Jak to zrobi\u0107?<\/h2>\n\n\n\n<pre class=\"wp-block-preformatted\">1. trzeba wype\u0142ni\u0107 jednorazow\u0105 <a href=\"http:\/\/www.misjawswansea.org.uk\/wp-content\/uploads\/2022\/10\/gift-aid.pdf\" data-type=\"attachment\" data-id=\"900\">deklaracj\u0119 GIFT AID<\/a> i z\u0142o\u017cy\u0107 w parafii.\n2. ofiar\u0119 na tac\u0119 trzeba zawsze wrzuca\u0107 w <a href=\"http:\/\/www.misjawswansea.org.uk\/wp-content\/uploads\/2022\/10\/koperta-gift-aid.jpg\" data-type=\"attachment\" data-id=\"907\">kopercie<\/a> podpisanej imieniem i nazwiskiem. koperty s\u0105 wy\u0142o\u017cone w ko\u015bciele obok biuletyn\u00f3w. <\/pre>\n\n\n\n<h2 class=\"gb-headline gb-headline-7794fb85 gb-headline-text\">Dodatkowe informacje<\/h2>\n\n\n\n<pre class=\"wp-block-preformatted\">\u017ceby z\u0142o\u017cy\u0107 GIFT Aid, trzeba p\u0142aci\u0107 w uk podatek dochodowy.\n\npa\u0144stwo nie zwr\u00f3ci wi\u0119cej ni\u017c zap\u0142acony podatek, np. Je\u015bli kto\u015b przez rok zap\u0142aci\u0142 \u00a3100 podatku dochodowego, mo\u017ce z\u0142o\u017cy\u0107 ROCZNIE przez gift aid nie wi\u0119cej ni\u017c \u00a3400.  \n\nDEKLARACJA I PODPISANE KOPERTY S\u0104 POTRZEBNE DO IDENTYFIKACJI PODATNIKA I JEGO WP\u0141AT PRZEZ GIFT AID.<\/pre>\n\n<\/div><\/div><div class = 'socialMediaOnEveryPost'>Zapraszamy do udost\u0119pniania!<div id=\"sgmbShare1-1\" class=\"sgmbShare jssocials-theme-minima sgmbWidget1-1\"><\/div><div class=\"dropdownWrapper dropdownWrapper1 dropdownWrapper-for-widget \" id=\"dropdownWrapper-for-widget\">\r\n\t\t\t\t\t\t<div class=\"dropdownLabel\" id=\"dropdownLabel-share-list\"><span class=\"sgmbButtonListLabel1\">Share List<\/span><\/div>\r\n\t\t\t\t\t\t<div class=\"dropdownPanel dropdownPanel1-1\">\r\n\t\t\t\t\t\t<\/div>\r\n\t\t\t\t\t<\/div><script>  SGMB_URL = \"http:\/\/www.misjawswansea.org.uk\/wp-content\/plugins\/social-media-builder\/\"; jQuery(\".dropdownWrapper\").hide(); SGMB_GOOGLE_ACOUNT = \"\"; <\/script><script type=\"text\/javascript\">\r\n\t\tjQuery(document).ready(function($){var widget = new SGMBWidget();widget.show({\"id\":\"1\",\"title\":\"Zapraszamy do udost\\u0119pniania!\",\"options\":{\"currentUrl\":\"1\",\"url\":\"\",\"shareText\":\"\",\"fontSize\":\"16\",\"betweenButtons\":\"1px\",\"theme\":\"classic\",\"sgmbButtonsPosition\":\"bottomCenter\",\"socialTheme\":\"minima\",\"icon\":\"cloud\",\"buttonsPanelEffect\":\"shake\",\"buttonsEffect\":\"flip\",\"iconsEffect\":\"flip\",\"buttons\":\"{\\\"facebook\\\":{\\\"label\\\":\\\"Share\\\",\\\"icon\\\":\\\"cloud-facebook\\\"},\\\"twitter\\\":{\\\"label\\\":\\\"Tweet\\\",\\\"icon\\\":\\\"cloud-twitter\\\",\\\"via\\\":\\\"\\\",\\\"hashtags\\\":\\\"\\\"},\\\"googleplus\\\":{\\\"label\\\":\\\"+1\\\",\\\"icon\\\":\\\"cloud-googleplus\\\"},\\\"email\\\":{\\\"label\\\":\\\"E-mail\\\",\\\"icon\\\":\\\"cloud-email\\\"}}\",\"roundButton\":\"\",\"showLabels\":\"on\",\"showCounts\":\"\",\"showCenter\":\"\",\"showButtonsAsList\":\"\",\"sgmbDropdownColor\":\"\",\"sgmbDropdownLabelFontSize\":\"14\",\"sgmbDropdownLabelColor\":\"\",\"showButtonsOnEveryPost\":\"on\",\"selectedOrExcluded\":\"\",\"showButtonsOnEveryPage\":\"\",\"textOnEveryPost\":\"Zapraszamy do udost\\u0119pniania!\",\"showButtonsOnCustomPost\":\"\",\"textOnCustomPost\":\"\",\"showButtonsOnMobileDirect\":\"on\",\"showButtonsOnDesktopDirect\":\"on\",\"sgmbSelectedPages\":[\"\"],\"sgmbExcludedPosts\":[\"\"],\"sgmbSelectedCustomPosts\":[],\"showButtonsInPopup\":\"\",\"titleOfPopup\":\"\",\"descriptionOfPopup\":\"\",\"showPopupOnLoad\":\"\",\"showPopupOnScroll\":\"\",\"showPopupOnExit\":\"\",\"openSecondsOfPopup\":\"\",\"googleAnaliticsAccount\":\"\"},\"buttonOptions\":{\"facebook\":{\"label\":\"Share\",\"icon\":\"cloud-facebook\"},\"twitter\":{\"label\":\"Tweet\",\"icon\":\"cloud-twitter\",\"via\":\"\",\"hashtags\":\"\"},\"googleplus\":{\"label\":\"+1\",\"icon\":\"cloud-googleplus\"},\"email\":{\"label\":\"E-mail\",\"icon\":\"cloud-email\"}},\"button\":[\"facebook\",\"twitter\",\"googleplus\",\"email\"]}, 1, '', 'http:\/\/www.misjawswansea.org.uk\/wp-content\/plugins\/social-media-builder\/\/img\/no-image.png', '', 'http:\/\/www.misjawswansea.org.uk\/?page_id=890'); });<\/script><\/div><script> jQuery(\".socialMediaOnEveryPost\").addClass(\"sgmb-center\") <\/script>","protected":false},"excerpt":{"rendered":"<p>Ofiary na parafi\u0119 zwykle wrzuca si\u0119 na tac\u0119 lub wysy\u0142a przelewem na konto. daj\u0105c dok\u0142adnie tyle samo pieni\u0119dzy mo\u017cna da\u0107 wi\u0119cej, je\u015bli si\u0119 to zrobi przez tzw. gift aid. Co to jest? To spos\u00f3b wsparcia ze swojego podatku dochodowego organizacji charytatywnej, np. ko\u015bcio\u0142a. Jak to dzia\u0142a? DO KA\u017bDEGO \u00a31 z\u0142o\u017conego na tac\u0119 PA\u0143STWO DOK\u0141ADA 25P&hellip;&nbsp;<a href=\"http:\/\/www.misjawswansea.org.uk\/?page_id=890\" rel=\"bookmark\">Dowiedz si\u0119 wi\u0119cej &raquo;<span class=\"screen-reader-text\">GIFT AID<\/span><\/a><\/p>\n","protected":false},"author":4,"featured_media":0,"parent":0,"menu_order":0,"comment_status":"closed","ping_status":"closed","template":"","meta":{"neve_meta_sidebar":"","neve_meta_container":"","neve_meta_enable_content_width":"","neve_meta_content_width":0,"neve_meta_title_alignment":"","neve_meta_author_avatar":"","neve_post_elements_order":"","neve_meta_disable_header":"","neve_meta_disable_footer":"","neve_meta_disable_title":"","footnotes":""},"class_list":["post-890","page","type-page","status-publish","hentry"],"_links":{"self":[{"href":"http:\/\/www.misjawswansea.org.uk\/index.php?rest_route=\/wp\/v2\/pages\/890","targetHints":{"allow":["GET"]}}],"collection":[{"href":"http:\/\/www.misjawswansea.org.uk\/index.php?rest_route=\/wp\/v2\/pages"}],"about":[{"href":"http:\/\/www.misjawswansea.org.uk\/index.php?rest_route=\/wp\/v2\/types\/page"}],"author":[{"embeddable":true,"href":"http:\/\/www.misjawswansea.org.uk\/index.php?rest_route=\/wp\/v2\/users\/4"}],"replies":[{"embeddable":true,"href":"http:\/\/www.misjawswansea.org.uk\/index.php?rest_route=%2Fwp%2Fv2%2Fcomments&post=890"}],"version-history":[{"count":20,"href":"http:\/\/www.misjawswansea.org.uk\/index.php?rest_route=\/wp\/v2\/pages\/890\/revisions"}],"predecessor-version":[{"id":930,"href":"http:\/\/www.misjawswansea.org.uk\/index.php?rest_route=\/wp\/v2\/pages\/890\/revisions\/930"}],"wp:attachment":[{"href":"http:\/\/www.misjawswansea.org.uk\/index.php?rest_route=%2Fwp%2Fv2%2Fmedia&parent=890"}],"curies":[{"name":"wp","href":"https:\/\/api.w.org\/{rel}","templated":true}]}}