{"id":955,"date":"2022-10-21T20:41:59","date_gmt":"2022-10-21T20:41:59","guid":{"rendered":"http:\/\/www.misjawswansea.org.uk\/?page_id=955"},"modified":"2023-09-16T14:26:04","modified_gmt":"2023-09-16T14:26:04","slug":"chrzest-2","status":"publish","type":"page","link":"http:\/\/www.misjawswansea.org.uk\/?page_id=955","title":{"rendered":"Chrzest"},"content":{"rendered":"\n<p><\/p>\n\n\n\n<p><\/p>\n\n\n\n<h2 class=\"gb-headline gb-headline-2a323253 gb-headline-text\">Chrzest w parafii<\/h2>\n\n\n\n<pre class=\"wp-block-preformatted has-medium-font-size\"><strong>WARUNKIEM OCHRZCZENIA DZIECKA (wiek do 7 lat) JEST WIARA PRZYNAJMNIEJ JEDNEGO Z RODZIC\u00d3W. POZA TYM, WYMAGANE S\u0104 NAST\u0118PUJ\u0104CE FORMALNO\u015aCI:<\/strong><\/pre>\n\n\n\n<ul class=\"wp-block-list\">\n<li>PRZYNIESIENIE WYPE\u0141NIONEGO <a href=\"http:\/\/www.misjawswansea.org.uk\/wp-content\/uploads\/2022\/10\/chrzest.pdf\" data-type=\"attachment\" data-id=\"884\" target=\"_blank\" rel=\"noreferrer noopener\">FORMULARZA ZG\u0141OSZENIA DZIECKA DO CHRZTU<\/a><\/li>\n\n\n\n<li><a href=\"http:\/\/www.misjawswansea.org.uk\/wp-content\/uploads\/2022\/10\/zgloszenie.pdf\" data-type=\"attachment\" data-id=\"883\" target=\"_blank\" rel=\"noreferrer noopener\">ZAPISANIE <\/a><a href=\"http:\/\/www.misjawswansea.org.uk\/wp-content\/uploads\/2022\/10\/zgloszenie.pdf\" data-type=\"attachment\" data-id=\"883\">SI\u0118<\/a> DO PARAFII<\/li>\n\n\n\n<li>ODBYCIE NAUKI PRZEDCHRZCIELNEJ<\/li>\n<\/ul>\n\n\n\n<p><\/p>\n\n\n\n<p><\/p>\n\n\n\n<h2 class=\"gb-headline gb-headline-00187d81 gb-headline-text\">Chrzest poza parafi\u0105<\/h2>\n\n\n\n<pre class=\"wp-block-preformatted has-medium-font-size\"><strong>Aby uzyska\u0107 zgod\u0119 na chrzest dziecka w innej parafii, Np. W pOLSCE Trzeba wype\u0142ni\u0107 DOK\u0142aDNIE TE SAME WARUNKI, CO pRZY CHRZCIE W PARAFII.<\/strong><\/pre>\n\n\n\n<p><\/p>\n\n\n\n<h2 class=\"gb-headline gb-headline-3e7a1f4a gb-headline-text\">Za\u015bwiadczenie na chrzestnego\/chrzestn\u0105<\/h2>\n\n\n\n<pre class=\"wp-block-preformatted has-medium-font-size\">\n<strong>przede wszystkim trzeba by\u0107 wierz\u0105cym i praktykuj\u0105cym katolikiem. Dodatkowe warunki to bierzmowanie i wiek przynajmniej 16 lat.<\/strong> <strong>Nale\u017cy Tak\u017ce Odby\u0107 nauk\u0119 przedchrzcieln\u0105<\/strong>.<\/pre>\n\n\n\n<h2 class=\"gb-headline gb-headline-ff0823dd gb-headline-text\">Chrzest dziecka starszego ni\u017c 7 lat albo osoby doros\u0142ej<\/h2>\n\n\n\n<pre class=\"wp-block-preformatted has-medium-font-size\"><strong>Prosz\u0119 o indywidualny <a href=\"http:\/\/www.misjawswansea.org.uk\/?page_id=23\" data-type=\"page\" data-id=\"23\">kontakt<\/a>.<\/strong><\/pre>\n<div class = 'socialMediaOnEveryPost'>Zapraszamy do udost\u0119pniania!<div id=\"sgmbShare1-1\" class=\"sgmbShare jssocials-theme-minima sgmbWidget1-1\"><\/div><div class=\"dropdownWrapper dropdownWrapper1 dropdownWrapper-for-widget \" id=\"dropdownWrapper-for-widget\">\r\n\t\t\t\t\t\t<div class=\"dropdownLabel\" id=\"dropdownLabel-share-list\"><span class=\"sgmbButtonListLabel1\">Share List<\/span><\/div>\r\n\t\t\t\t\t\t<div class=\"dropdownPanel dropdownPanel1-1\">\r\n\t\t\t\t\t\t<\/div>\r\n\t\t\t\t\t<\/div><script>  SGMB_URL = \"http:\/\/www.misjawswansea.org.uk\/wp-content\/plugins\/social-media-builder\/\"; jQuery(\".dropdownWrapper\").hide(); SGMB_GOOGLE_ACOUNT = \"\"; <\/script><script type=\"text\/javascript\">\r\n\t\tjQuery(document).ready(function($){var widget = new SGMBWidget();widget.show({\"id\":\"1\",\"title\":\"Zapraszamy do udost\\u0119pniania!\",\"options\":{\"currentUrl\":\"1\",\"url\":\"\",\"shareText\":\"\",\"fontSize\":\"16\",\"betweenButtons\":\"1px\",\"theme\":\"classic\",\"sgmbButtonsPosition\":\"bottomCenter\",\"socialTheme\":\"minima\",\"icon\":\"cloud\",\"buttonsPanelEffect\":\"shake\",\"buttonsEffect\":\"flip\",\"iconsEffect\":\"flip\",\"buttons\":\"{\\\"facebook\\\":{\\\"label\\\":\\\"Share\\\",\\\"icon\\\":\\\"cloud-facebook\\\"},\\\"twitter\\\":{\\\"label\\\":\\\"Tweet\\\",\\\"icon\\\":\\\"cloud-twitter\\\",\\\"via\\\":\\\"\\\",\\\"hashtags\\\":\\\"\\\"},\\\"googleplus\\\":{\\\"label\\\":\\\"+1\\\",\\\"icon\\\":\\\"cloud-googleplus\\\"},\\\"email\\\":{\\\"label\\\":\\\"E-mail\\\",\\\"icon\\\":\\\"cloud-email\\\"}}\",\"roundButton\":\"\",\"showLabels\":\"on\",\"showCounts\":\"\",\"showCenter\":\"\",\"showButtonsAsList\":\"\",\"sgmbDropdownColor\":\"\",\"sgmbDropdownLabelFontSize\":\"14\",\"sgmbDropdownLabelColor\":\"\",\"showButtonsOnEveryPost\":\"on\",\"selectedOrExcluded\":\"\",\"showButtonsOnEveryPage\":\"\",\"textOnEveryPost\":\"Zapraszamy do udost\\u0119pniania!\",\"showButtonsOnCustomPost\":\"\",\"textOnCustomPost\":\"\",\"showButtonsOnMobileDirect\":\"on\",\"showButtonsOnDesktopDirect\":\"on\",\"sgmbSelectedPages\":[\"\"],\"sgmbExcludedPosts\":[\"\"],\"sgmbSelectedCustomPosts\":[],\"showButtonsInPopup\":\"\",\"titleOfPopup\":\"\",\"descriptionOfPopup\":\"\",\"showPopupOnLoad\":\"\",\"showPopupOnScroll\":\"\",\"showPopupOnExit\":\"\",\"openSecondsOfPopup\":\"\",\"googleAnaliticsAccount\":\"\"},\"buttonOptions\":{\"facebook\":{\"label\":\"Share\",\"icon\":\"cloud-facebook\"},\"twitter\":{\"label\":\"Tweet\",\"icon\":\"cloud-twitter\",\"via\":\"\",\"hashtags\":\"\"},\"googleplus\":{\"label\":\"+1\",\"icon\":\"cloud-googleplus\"},\"email\":{\"label\":\"E-mail\",\"icon\":\"cloud-email\"}},\"button\":[\"facebook\",\"twitter\",\"googleplus\",\"email\"]}, 1, '', 'http:\/\/www.misjawswansea.org.uk\/wp-content\/plugins\/social-media-builder\/\/img\/no-image.png', '', 'http:\/\/www.misjawswansea.org.uk\/?page_id=955'); });<\/script><\/div><script> jQuery(\".socialMediaOnEveryPost\").addClass(\"sgmb-center\") <\/script>","protected":false},"excerpt":{"rendered":"<p>Chrzest w parafii WARUNKIEM OCHRZCZENIA DZIECKA (wiek do 7 lat) JEST WIARA PRZYNAJMNIEJ JEDNEGO Z RODZIC\u00d3W. POZA TYM, WYMAGANE S\u0104 NAST\u0118PUJ\u0104CE FORMALNO\u015aCI: Chrzest poza parafi\u0105 Aby uzyska\u0107 zgod\u0119 na chrzest dziecka w innej parafii, Np. W pOLSCE Trzeba wype\u0142ni\u0107 DOK\u0142aDNIE TE SAME WARUNKI, CO pRZY CHRZCIE W PARAFII. Za\u015bwiadczenie na chrzestnego\/chrzestn\u0105 przede wszystkim trzeba by\u0107&hellip;&nbsp;<a href=\"http:\/\/www.misjawswansea.org.uk\/?page_id=955\" rel=\"bookmark\">Dowiedz si\u0119 wi\u0119cej &raquo;<span class=\"screen-reader-text\">Chrzest<\/span><\/a><\/p>\n","protected":false},"author":4,"featured_media":0,"parent":0,"menu_order":0,"comment_status":"closed","ping_status":"closed","template":"","meta":{"neve_meta_sidebar":"","neve_meta_container":"","neve_meta_enable_content_width":"","neve_meta_content_width":0,"neve_meta_title_alignment":"","neve_meta_author_avatar":"","neve_post_elements_order":"","neve_meta_disable_header":"","neve_meta_disable_footer":"","neve_meta_disable_title":"","footnotes":""},"class_list":["post-955","page","type-page","status-publish","hentry"],"_links":{"self":[{"href":"http:\/\/www.misjawswansea.org.uk\/index.php?rest_route=\/wp\/v2\/pages\/955","targetHints":{"allow":["GET"]}}],"collection":[{"href":"http:\/\/www.misjawswansea.org.uk\/index.php?rest_route=\/wp\/v2\/pages"}],"about":[{"href":"http:\/\/www.misjawswansea.org.uk\/index.php?rest_route=\/wp\/v2\/types\/page"}],"author":[{"embeddable":true,"href":"http:\/\/www.misjawswansea.org.uk\/index.php?rest_route=\/wp\/v2\/users\/4"}],"replies":[{"embeddable":true,"href":"http:\/\/www.misjawswansea.org.uk\/index.php?rest_route=%2Fwp%2Fv2%2Fcomments&post=955"}],"version-history":[{"count":50,"href":"http:\/\/www.misjawswansea.org.uk\/index.php?rest_route=\/wp\/v2\/pages\/955\/revisions"}],"predecessor-version":[{"id":1309,"href":"http:\/\/www.misjawswansea.org.uk\/index.php?rest_route=\/wp\/v2\/pages\/955\/revisions\/1309"}],"wp:attachment":[{"href":"http:\/\/www.misjawswansea.org.uk\/index.php?rest_route=%2Fwp%2Fv2%2Fmedia&parent=955"}],"curies":[{"name":"wp","href":"https:\/\/api.w.org\/{rel}","templated":true}]}}